{"id":22535,"date":"2022-05-10T14:55:16","date_gmt":"2022-05-10T19:55:16","guid":{"rendered":"https:\/\/comfanorte.com.co\/index\/?page_id=22535"},"modified":"2025-01-27T17:16:52","modified_gmt":"2025-01-27T22:16:52","slug":"comfanorte-en-u-corazon","status":"publish","type":"page","link":"https:\/\/comfanorte.com.co\/index\/comfanorte-en-u-corazon\/","title":{"rendered":"comfanorte en tu corazon"},"content":{"rendered":"\t\t<div data-elementor-type=\"wp-page\" data-elementor-id=\"22535\" class=\"elementor elementor-22535\" data-elementor-post-type=\"page\">\n\t\t\t\t\t\t\t\t\t<section class=\"elementor-section elementor-top-section elementor-element elementor-element-2f3b626 elementor-section-boxed elementor-section-height-default elementor-section-height-default\" data-id=\"2f3b626\" data-element_type=\"section\">\n\t\t\t\t\t\t<div class=\"elementor-container elementor-column-gap-default\">\n\t\t\t\t\t<div class=\"elementor-column elementor-col-100 elementor-top-column elementor-element elementor-element-cc4abdd\" data-id=\"cc4abdd\" data-element_type=\"column\">\n\t\t\t<div class=\"elementor-widget-wrap elementor-element-populated\">\n\t\t\t\t\t\t\t\t<div class=\"elementor-element elementor-element-6a079df elementor-widget elementor-widget-heading\" data-id=\"6a079df\" data-element_type=\"widget\" data-widget_type=\"heading.default\">\n\t\t\t\t<div class=\"elementor-widget-container\">\n\t\t\t<style>\/*! elementor - v3.14.0 - 26-06-2023 *\/\n.elementor-heading-title{padding:0;margin:0;line-height:1}.elementor-widget-heading .elementor-heading-title[class*=elementor-size-]>a{color:inherit;font-size:inherit;line-height:inherit}.elementor-widget-heading .elementor-heading-title.elementor-size-small{font-size:15px}.elementor-widget-heading .elementor-heading-title.elementor-size-medium{font-size:19px}.elementor-widget-heading .elementor-heading-title.elementor-size-large{font-size:29px}.elementor-widget-heading .elementor-heading-title.elementor-size-xl{font-size:39px}.elementor-widget-heading .elementor-heading-title.elementor-size-xxl{font-size:59px}<\/style><h1 class=\"elementor-heading-title elementor-size-default\">COMFANORTE EN TU CORAZ\u00d3N<\/h1>\t\t<\/div>\n\t\t\t\t<\/div>\n\t\t\t\t\t<\/div>\n\t\t<\/div>\n\t\t\t\t\t\t\t<\/div>\n\t\t<\/section>\n\t\t\t\t<section class=\"elementor-section elementor-top-section elementor-element elementor-element-e2ceb3f elementor-section-full_width elementor-section-content-middle elementor-section-height-default elementor-section-height-default\" data-id=\"e2ceb3f\" data-element_type=\"section\" data-settings=\"{&quot;background_background&quot;:&quot;slideshow&quot;,&quot;background_slideshow_gallery&quot;:[],&quot;background_slideshow_loop&quot;:&quot;yes&quot;,&quot;background_slideshow_slide_duration&quot;:5000,&quot;background_slideshow_slide_transition&quot;:&quot;fade&quot;,&quot;background_slideshow_transition_duration&quot;:500}\">\n\t\t\t\t\t\t\t<div class=\"elementor-background-overlay\"><\/div>\n\t\t\t\t\t\t\t<div class=\"elementor-container elementor-column-gap-default\">\n\t\t\t\t\t<div class=\"elementor-column elementor-col-33 elementor-top-column elementor-element elementor-element-6beb98e\" data-id=\"6beb98e\" data-element_type=\"column\">\n\t\t\t<div class=\"elementor-widget-wrap elementor-element-populated\">\n\t\t\t\t\t\t\t\t<div class=\"elementor-element elementor-element-1f88ee4 elementor-widget elementor-widget-counter\" data-id=\"1f88ee4\" data-element_type=\"widget\" data-widget_type=\"counter.default\">\n\t\t\t\t<div class=\"elementor-widget-container\">\n\t\t\t<style>\/*! elementor - v3.14.0 - 26-06-2023 *\/\n.elementor-counter .elementor-counter-number-wrapper{display:flex;font-size:69px;font-weight:600;line-height:1}.elementor-counter .elementor-counter-number-prefix,.elementor-counter .elementor-counter-number-suffix{flex-grow:1;white-space:pre-wrap}.elementor-counter .elementor-counter-number-prefix{text-align:right}.elementor-counter .elementor-counter-number-suffix{text-align:left}.elementor-counter .elementor-counter-title{text-align:center;font-size:19px;font-weight:400;line-height:2.5}<\/style>\t\t<div class=\"elementor-counter\">\n\t\t\t<div class=\"elementor-counter-number-wrapper\">\n\t\t\t\t<span class=\"elementor-counter-number-prefix\"><\/span>\n\t\t\t\t<span class=\"elementor-counter-number\" data-duration=\"2000\" data-to-value=\"12\" data-from-value=\"0\" data-delimiter=\",\">0<\/span>\n\t\t\t\t<span class=\"elementor-counter-number-suffix\"><\/span>\n\t\t\t<\/div>\n\t\t\t\t\t\t\t<div class=\"elementor-counter-title\">Tamizajes Realizados<\/div>\n\t\t\t\t\t<\/div>\n\t\t\t\t<\/div>\n\t\t\t\t<\/div>\n\t\t\t\t\t<\/div>\n\t\t<\/div>\n\t\t\t\t<div class=\"elementor-column elementor-col-33 elementor-top-column elementor-element elementor-element-f84929e\" data-id=\"f84929e\" data-element_type=\"column\">\n\t\t\t<div class=\"elementor-widget-wrap elementor-element-populated\">\n\t\t\t\t\t\t\t\t<div class=\"elementor-element elementor-element-21eda6d elementor-widget elementor-widget-counter\" data-id=\"21eda6d\" data-element_type=\"widget\" data-widget_type=\"counter.default\">\n\t\t\t\t<div class=\"elementor-widget-container\">\n\t\t\t\t\t<div class=\"elementor-counter\">\n\t\t\t<div class=\"elementor-counter-number-wrapper\">\n\t\t\t\t<span class=\"elementor-counter-number-prefix\"><\/span>\n\t\t\t\t<span class=\"elementor-counter-number\" data-duration=\"2000\" data-to-value=\"120\" data-from-value=\"0\" data-delimiter=\",\">0<\/span>\n\t\t\t\t<span class=\"elementor-counter-number-suffix\"><\/span>\n\t\t\t<\/div>\n\t\t\t\t\t\t\t<div class=\"elementor-counter-title\">Empresas Intervenidas<\/div>\n\t\t\t\t\t<\/div>\n\t\t\t\t<\/div>\n\t\t\t\t<\/div>\n\t\t\t\t\t<\/div>\n\t\t<\/div>\n\t\t\t\t<div class=\"elementor-column elementor-col-33 elementor-top-column elementor-element elementor-element-7482e26\" data-id=\"7482e26\" data-element_type=\"column\">\n\t\t\t<div class=\"elementor-widget-wrap elementor-element-populated\">\n\t\t\t\t\t\t\t\t<div class=\"elementor-element elementor-element-bb1b007 elementor-widget elementor-widget-counter\" data-id=\"bb1b007\" data-element_type=\"widget\" data-widget_type=\"counter.default\">\n\t\t\t\t<div class=\"elementor-widget-container\">\n\t\t\t\t\t<div class=\"elementor-counter\">\n\t\t\t<div class=\"elementor-counter-number-wrapper\">\n\t\t\t\t<span class=\"elementor-counter-number-prefix\"><\/span>\n\t\t\t\t<span class=\"elementor-counter-number\" data-duration=\"2000\" data-to-value=\"1600\" data-from-value=\"0\" data-delimiter=\",\">0<\/span>\n\t\t\t\t<span class=\"elementor-counter-number-suffix\"><\/span>\n\t\t\t<\/div>\n\t\t\t\t\t\t\t<div class=\"elementor-counter-title\">Trabajadores involucrados<\/div>\n\t\t\t\t\t<\/div>\n\t\t\t\t<\/div>\n\t\t\t\t<\/div>\n\t\t\t\t\t<\/div>\n\t\t<\/div>\n\t\t\t\t\t\t\t<\/div>\n\t\t<\/section>\n\t\t\t\t<section class=\"elementor-section elementor-top-section elementor-element elementor-element-2b06a33 elementor-section-full_width elementor-section-height-default elementor-section-height-default\" data-id=\"2b06a33\" data-element_type=\"section\">\n\t\t\t\t\t\t<div class=\"elementor-container elementor-column-gap-default\">\n\t\t\t\t\t<div class=\"elementor-column elementor-col-100 elementor-top-column elementor-element elementor-element-c4f7f6f\" data-id=\"c4f7f6f\" data-element_type=\"column\">\n\t\t\t<div class=\"elementor-widget-wrap elementor-element-populated\">\n\t\t\t\t\t\t\t\t<div class=\"elementor-element elementor-element-0488cf6 elementor-widget elementor-widget-text-editor\" data-id=\"0488cf6\" data-element_type=\"widget\" data-widget_type=\"text-editor.default\">\n\t\t\t\t<div class=\"elementor-widget-container\">\n\t\t\t<style>\/*! elementor - v3.14.0 - 26-06-2023 *\/\n.elementor-widget-text-editor.elementor-drop-cap-view-stacked .elementor-drop-cap{background-color:#69727d;color:#fff}.elementor-widget-text-editor.elementor-drop-cap-view-framed .elementor-drop-cap{color:#69727d;border:3px solid;background-color:transparent}.elementor-widget-text-editor:not(.elementor-drop-cap-view-default) .elementor-drop-cap{margin-top:8px}.elementor-widget-text-editor:not(.elementor-drop-cap-view-default) .elementor-drop-cap-letter{width:1em;height:1em}.elementor-widget-text-editor .elementor-drop-cap{float:left;text-align:center;line-height:1;font-size:50px}.elementor-widget-text-editor .elementor-drop-cap-letter{display:inline-block}<\/style>\t\t\t\t<div style=\"font-size: 14px; line-height: 1.4; text-align: justify;\">\n\n&#8220;Comfanorte en tu Coraz\u00f3n&#8221;, es un programa\u00a0 ofrecido por la Caja de Compensaci\u00f3n Comfanorte, que tiene como objetivo promover la salud cardiovascular de los trabajadores en las empresas afiliadas en C\u00facuta, Oca\u00f1a y Pamplona. A continuaci\u00f3n se describen algunas de las ventajas principales de este programa:\n<ol>\n \t<li style=\"font-size: 14px; line-height: 1.4;\"><strong>Prevenci\u00f3n de enfermedades cardiovasculares<\/strong>: El programa se centra en actividades f\u00edsicas y educativas que ayudan a prevenir las enfermedades del coraz\u00f3n, que son una de las principales causas de morbilidad y mortalidad en la poblaci\u00f3n laboral.<\/li><br>\n \t<li style=\"font-size: 14px; line-height: 1.4;\"><strong>Mejora de la salud general de los empleados<\/strong>: A trav\u00e9s de ejercicios cardiovasculares y h\u00e1bitos saludables, se promueve una mejor condici\u00f3n f\u00edsica, lo que puede reducir el riesgo de enfermedades cr\u00f3nicas y mejorar la calidad de vida de los trabajadores.<\/li><br>\n \t<li style=\"font-size: 14px; line-height: 1.4;\"><strong>Reducci\u00f3n del estr\u00e9s y mejora del bienestar<\/strong>: La actividad f\u00edsica regular, junto con la promoci\u00f3n de h\u00e1bitos de vida saludables, ayuda a reducir el estr\u00e9s, la ansiedad y la fatiga, factores que afectan el rendimiento laboral y el bienestar emocional de los trabajadores.<\/li><br>\n \t<li style=\"font-size: 14px; line-height: 1.4;\"><strong>Incremento en la productividad<\/strong>: Al mejorar la salud f\u00edsica y mental de los empleados, el programa contribuye a aumentar la energ\u00eda, concentraci\u00f3n y motivaci\u00f3n en el trabajo, lo que puede llevar a una mayor productividad y eficiencia en la empresa.<\/li><br>\n \t<li style=\"font-size: 14px; line-height: 1.4;\"><strong>Conciencia y educaci\u00f3n sobre h\u00e1bitos saludables<\/strong>: El programa incluye actividades educativas que sensibilizan a los trabajadores sobre la importancia de cuidar su salud cardiovascular, proporcion\u00e1ndoles herramientas y conocimientos para adoptar h\u00e1bitos de vida m\u00e1s saludables tanto dentro como fuera del \u00e1mbito laboral.<\/li><br>\n \t<li style=\"font-size: 14px; line-height: 1.4;\"><strong>Fomento de la integraci\u00f3n y el trabajo en equipo<\/strong>: Las actividades grupales promueven un ambiente laboral m\u00e1s saludable y colaborativo, lo que fortalece las relaciones interpersonales entre los trabajadores y contribuye a un clima organizacional positivo.<\/li><br>\n \t<li style=\"font-size: 14px; line-height: 1.4;\"><strong>Beneficios a largo plazo<\/strong>: Al incorporar h\u00e1bitos de salud cardiovascular en la rutina diaria de los empleados, el programa tiene un impacto positivo en la salud a largo plazo, reduciendo el ausentismo por problemas de salud y favoreciendo la longevidad de los trabajadores.<\/li>\n<\/ol>\n<div style=\"font-size: 14px; line-height: 1.4;\">&#8220;Comfanorte en tu Coraz\u00f3n&#8221; no solo busca mejorar la salud f\u00edsica de los trabajadores, sino tambi\u00e9n fomentar una cultura empresarial orientada al bienestar integral, lo cual es fundamental para una empresa sostenible y exitosa.<\/div>\n<\/div>\t\t\t\t\t\t<\/div>\n\t\t\t\t<\/div>\n\t\t\t\t\t<\/div>\n\t\t<\/div>\n\t\t\t\t\t\t\t<\/div>\n\t\t<\/section>\n\t\t\t\t<section class=\"elementor-section elementor-top-section elementor-element elementor-element-b2b5b15 elementor-section-height-min-height elementor-section-boxed elementor-section-height-default elementor-section-items-middle\" data-id=\"b2b5b15\" data-element_type=\"section\" data-settings=\"{&quot;background_background&quot;:&quot;classic&quot;}\">\n\t\t\t\t\t\t\t<div class=\"elementor-background-overlay\"><\/div>\n\t\t\t\t\t\t\t<div class=\"elementor-container elementor-column-gap-default\">\n\t\t\t\t\t<div class=\"elementor-column elementor-col-100 elementor-top-column elementor-element elementor-element-b8bfd33\" data-id=\"b8bfd33\" data-element_type=\"column\">\n\t\t\t<div class=\"elementor-widget-wrap elementor-element-populated\">\n\t\t\t\t\t\t\t\t<div class=\"elementor-element elementor-element-920f0ca elementor-widget elementor-widget-heading\" data-id=\"920f0ca\" data-element_type=\"widget\" data-widget_type=\"heading.default\">\n\t\t\t\t<div class=\"elementor-widget-container\">\n\t\t\t<h1 class=\"elementor-heading-title elementor-size-default\">CONT\u00c1CTANOS<\/h1>\t\t<\/div>\n\t\t\t\t<\/div>\n\t\t\t\t<div class=\"elementor-element elementor-element-063f8e3 elementor-widget elementor-widget-text-editor\" data-id=\"063f8e3\" data-element_type=\"widget\" data-widget_type=\"text-editor.default\">\n\t\t\t\t<div class=\"elementor-widget-container\">\n\t\t\t\t\t\t\t<p style=\"text-align: center;\">Tel.\u00a0<a role=\"link\" href=\"tel:0375823455\" data-uw-styling-context=\"true\">5823455.<\/a>\u00a0Extensiones: 480 \u2013 482 \u2013 483.<br data-uw-styling-context=\"true\" \/><span data-uw-styling-context=\"true\">Horario: Lunes a Viernes, de 7:00 a.m. a 11:00 a.m. y 2:00 p.m. a 5:00 p.m.<br data-uw-styling-context=\"true\" \/><\/span><span data-uw-styling-context=\"true\">Calle 9 avenida 1, Esquina, 7 mo. piso \u2013 Edificio Comfanorte<\/span><\/p>\t\t\t\t\t\t<\/div>\n\t\t\t\t<\/div>\n\t\t\t\t\t<\/div>\n\t\t<\/div>\n\t\t\t\t\t\t\t<\/div>\n\t\t<\/section>\n\t\t\t\t\t\t\t<\/div>\n\t\t","protected":false},"excerpt":{"rendered":"<p>COMFANORTE EN TU CORAZ\u00d3N 0 Tamizajes Realizados 0 Empresas Intervenidas 0 Trabajadores involucrados &#8220;Comfanorte en tu Coraz\u00f3n&#8221;, es un programa\u00a0 ofrecido por la Caja de Compensaci\u00f3n Comfanorte, que tiene como objetivo promover la salud cardiovascular de los trabajadores en las empresas afiliadas en C\u00facuta, Oca\u00f1a y Pamplona. A continuaci\u00f3n se describen algunas de las ventajas &hellip; <\/p>\n<p class=\"link-more\"><a href=\"https:\/\/comfanorte.com.co\/index\/comfanorte-en-u-corazon\/\" class=\"more-link\">Sigue leyendo<span class=\"screen-reader-text\"> \u00abcomfanorte en tu corazon\u00bb<\/span><\/a><\/p>\n","protected":false},"author":1,"featured_media":0,"parent":0,"menu_order":0,"comment_status":"closed","ping_status":"closed","template":"elementor_header_footer","meta":{"footnotes":""},"yoast_head":"<!-- This site is optimized with the Yoast SEO Premium plugin v18.4 (Yoast SEO v20.10) - https:\/\/yoast.com\/wordpress\/plugins\/seo\/ -->\n<title>comfanorte en tu corazon - Comfanorte<\/title>\n<meta name=\"robots\" content=\"index, follow, max-snippet:-1, max-image-preview:large, max-video-preview:-1\" \/>\n<link rel=\"canonical\" href=\"https:\/\/comfanorte.com.co\/index\/comfanorte-en-u-corazon\/\" \/>\n<meta property=\"og:locale\" content=\"es_ES\" \/>\n<meta property=\"og:type\" content=\"article\" \/>\n<meta property=\"og:title\" content=\"comfanorte en tu corazon\" \/>\n<meta property=\"og:description\" content=\"COMFANORTE EN TU CORAZ\u00d3N 0 Tamizajes Realizados 0 Empresas Intervenidas 0 Trabajadores involucrados &#8220;Comfanorte en tu Coraz\u00f3n&#8221;, es un programa\u00a0 ofrecido por la Caja de Compensaci\u00f3n Comfanorte, que tiene como objetivo promover la salud cardiovascular de los trabajadores en las empresas afiliadas en C\u00facuta, Oca\u00f1a y Pamplona. A continuaci\u00f3n se describen algunas de las ventajas &hellip; Sigue leyendo \u00abcomfanorte en tu corazon\u00bb\" \/>\n<meta property=\"og:url\" content=\"https:\/\/comfanorte.com.co\/index\/comfanorte-en-u-corazon\/\" \/>\n<meta property=\"og:site_name\" content=\"Comfanorte\" \/>\n<meta property=\"article:modified_time\" content=\"2025-01-27T22:16:52+00:00\" \/>\n<meta name=\"twitter:card\" content=\"summary_large_image\" \/>\n<meta name=\"twitter:label1\" content=\"Tiempo estimado de lectura\" \/>\n\t<meta name=\"twitter:data1\" content=\"2 minutos\" \/>\n<script type=\"application\/ld+json\" class=\"yoast-schema-graph\">{\"@context\":\"https:\/\/schema.org\",\"@graph\":[{\"@type\":\"WebPage\",\"@id\":\"https:\/\/comfanorte.com.co\/index\/comfanorte-en-u-corazon\/\",\"url\":\"https:\/\/comfanorte.com.co\/index\/comfanorte-en-u-corazon\/\",\"name\":\"comfanorte en tu corazon - Comfanorte\",\"isPartOf\":{\"@id\":\"https:\/\/comfanorte.com.co\/index\/#website\"},\"datePublished\":\"2022-05-10T19:55:16+00:00\",\"dateModified\":\"2025-01-27T22:16:52+00:00\",\"breadcrumb\":{\"@id\":\"https:\/\/comfanorte.com.co\/index\/comfanorte-en-u-corazon\/#breadcrumb\"},\"inLanguage\":\"es-CO\",\"potentialAction\":[{\"@type\":\"ReadAction\",\"target\":[\"https:\/\/comfanorte.com.co\/index\/comfanorte-en-u-corazon\/\"]}]},{\"@type\":\"BreadcrumbList\",\"@id\":\"https:\/\/comfanorte.com.co\/index\/comfanorte-en-u-corazon\/#breadcrumb\",\"itemListElement\":[{\"@type\":\"ListItem\",\"position\":1,\"name\":\"Home\",\"item\":\"https:\/\/comfanorte.com.co\/index\/\"},{\"@type\":\"ListItem\",\"position\":2,\"name\":\"comfanorte en tu corazon\"}]},{\"@type\":\"WebSite\",\"@id\":\"https:\/\/comfanorte.com.co\/index\/#website\",\"url\":\"https:\/\/comfanorte.com.co\/index\/\",\"name\":\"Comfanorte\",\"description\":\"Sitio oficial de la Caja de Compensaci\u00f3n Familiar de Norte de Santander\",\"publisher\":{\"@id\":\"https:\/\/comfanorte.com.co\/index\/#organization\"},\"potentialAction\":[{\"@type\":\"SearchAction\",\"target\":{\"@type\":\"EntryPoint\",\"urlTemplate\":\"https:\/\/comfanorte.com.co\/index\/?s={search_term_string}\"},\"query-input\":\"required name=search_term_string\"}],\"inLanguage\":\"es-CO\"},{\"@type\":\"Organization\",\"@id\":\"https:\/\/comfanorte.com.co\/index\/#organization\",\"name\":\"Comfanorte\",\"url\":\"https:\/\/comfanorte.com.co\/index\/\",\"logo\":{\"@type\":\"ImageObject\",\"inLanguage\":\"es-CO\",\"@id\":\"https:\/\/comfanorte.com.co\/index\/#\/schema\/logo\/image\/\",\"url\":\"https:\/\/comfanorte.com.co\/index\/wp-content\/uploads\/2020\/05\/LogoWebsite-300x80-1.png\",\"contentUrl\":\"https:\/\/comfanorte.com.co\/index\/wp-content\/uploads\/2020\/05\/LogoWebsite-300x80-1.png\",\"width\":300,\"height\":80,\"caption\":\"Comfanorte\"},\"image\":{\"@id\":\"https:\/\/comfanorte.com.co\/index\/#\/schema\/logo\/image\/\"}}]}<\/script>\n<!-- \/ Yoast SEO Premium plugin. -->","yoast_head_json":{"title":"comfanorte en tu corazon - Comfanorte","robots":{"index":"index","follow":"follow","max-snippet":"max-snippet:-1","max-image-preview":"max-image-preview:large","max-video-preview":"max-video-preview:-1"},"canonical":"https:\/\/comfanorte.com.co\/index\/comfanorte-en-u-corazon\/","og_locale":"es_ES","og_type":"article","og_title":"comfanorte en tu corazon","og_description":"COMFANORTE EN TU CORAZ\u00d3N 0 Tamizajes Realizados 0 Empresas Intervenidas 0 Trabajadores involucrados &#8220;Comfanorte en tu Coraz\u00f3n&#8221;, es un programa\u00a0 ofrecido por la Caja de Compensaci\u00f3n Comfanorte, que tiene como objetivo promover la salud cardiovascular de los trabajadores en las empresas afiliadas en C\u00facuta, Oca\u00f1a y Pamplona. A continuaci\u00f3n se describen algunas de las ventajas &hellip; Sigue leyendo \u00abcomfanorte en tu corazon\u00bb","og_url":"https:\/\/comfanorte.com.co\/index\/comfanorte-en-u-corazon\/","og_site_name":"Comfanorte","article_modified_time":"2025-01-27T22:16:52+00:00","twitter_card":"summary_large_image","twitter_misc":{"Tiempo estimado de lectura":"2 minutos"},"schema":{"@context":"https:\/\/schema.org","@graph":[{"@type":"WebPage","@id":"https:\/\/comfanorte.com.co\/index\/comfanorte-en-u-corazon\/","url":"https:\/\/comfanorte.com.co\/index\/comfanorte-en-u-corazon\/","name":"comfanorte en tu corazon - Comfanorte","isPartOf":{"@id":"https:\/\/comfanorte.com.co\/index\/#website"},"datePublished":"2022-05-10T19:55:16+00:00","dateModified":"2025-01-27T22:16:52+00:00","breadcrumb":{"@id":"https:\/\/comfanorte.com.co\/index\/comfanorte-en-u-corazon\/#breadcrumb"},"inLanguage":"es-CO","potentialAction":[{"@type":"ReadAction","target":["https:\/\/comfanorte.com.co\/index\/comfanorte-en-u-corazon\/"]}]},{"@type":"BreadcrumbList","@id":"https:\/\/comfanorte.com.co\/index\/comfanorte-en-u-corazon\/#breadcrumb","itemListElement":[{"@type":"ListItem","position":1,"name":"Home","item":"https:\/\/comfanorte.com.co\/index\/"},{"@type":"ListItem","position":2,"name":"comfanorte en tu corazon"}]},{"@type":"WebSite","@id":"https:\/\/comfanorte.com.co\/index\/#website","url":"https:\/\/comfanorte.com.co\/index\/","name":"Comfanorte","description":"Sitio oficial de la Caja de Compensaci\u00f3n Familiar de Norte de Santander","publisher":{"@id":"https:\/\/comfanorte.com.co\/index\/#organization"},"potentialAction":[{"@type":"SearchAction","target":{"@type":"EntryPoint","urlTemplate":"https:\/\/comfanorte.com.co\/index\/?s={search_term_string}"},"query-input":"required name=search_term_string"}],"inLanguage":"es-CO"},{"@type":"Organization","@id":"https:\/\/comfanorte.com.co\/index\/#organization","name":"Comfanorte","url":"https:\/\/comfanorte.com.co\/index\/","logo":{"@type":"ImageObject","inLanguage":"es-CO","@id":"https:\/\/comfanorte.com.co\/index\/#\/schema\/logo\/image\/","url":"https:\/\/comfanorte.com.co\/index\/wp-content\/uploads\/2020\/05\/LogoWebsite-300x80-1.png","contentUrl":"https:\/\/comfanorte.com.co\/index\/wp-content\/uploads\/2020\/05\/LogoWebsite-300x80-1.png","width":300,"height":80,"caption":"Comfanorte"},"image":{"@id":"https:\/\/comfanorte.com.co\/index\/#\/schema\/logo\/image\/"}}]}},"_links":{"self":[{"href":"https:\/\/comfanorte.com.co\/index\/wp-json\/wp\/v2\/pages\/22535"}],"collection":[{"href":"https:\/\/comfanorte.com.co\/index\/wp-json\/wp\/v2\/pages"}],"about":[{"href":"https:\/\/comfanorte.com.co\/index\/wp-json\/wp\/v2\/types\/page"}],"author":[{"embeddable":true,"href":"https:\/\/comfanorte.com.co\/index\/wp-json\/wp\/v2\/users\/1"}],"replies":[{"embeddable":true,"href":"https:\/\/comfanorte.com.co\/index\/wp-json\/wp\/v2\/comments?post=22535"}],"version-history":[{"count":77,"href":"https:\/\/comfanorte.com.co\/index\/wp-json\/wp\/v2\/pages\/22535\/revisions"}],"predecessor-version":[{"id":40267,"href":"https:\/\/comfanorte.com.co\/index\/wp-json\/wp\/v2\/pages\/22535\/revisions\/40267"}],"wp:attachment":[{"href":"https:\/\/comfanorte.com.co\/index\/wp-json\/wp\/v2\/media?parent=22535"}],"curies":[{"name":"wp","href":"https:\/\/api.w.org\/{rel}","templated":true}]}}