{"id":22965,"date":"2022-06-20T11:00:53","date_gmt":"2022-06-20T16:00:53","guid":{"rendered":"https:\/\/comfanorte.com.co\/index\/?page_id=22965"},"modified":"2022-06-20T11:19:27","modified_gmt":"2022-06-20T16:19:27","slug":"inventario-unico-de-documentos","status":"publish","type":"page","link":"https:\/\/comfanorte.com.co\/index\/inventario-unico-de-documentos\/","title":{"rendered":"inventario unico de documentos"},"content":{"rendered":"\t\t<div data-elementor-type=\"wp-page\" data-elementor-id=\"22965\" class=\"elementor elementor-22965\" data-elementor-post-type=\"page\">\n\t\t\t\t\t\t\t<div class=\"elementor-element elementor-element-1ec1323 e-flex e-con-boxed e-con\" data-id=\"1ec1323\" data-element_type=\"container\" data-settings=\"{&quot;content_width&quot;:&quot;boxed&quot;}\">\n\t\t\t\t\t<div class=\"e-con-inner\">\n\t\t\t\t<div class=\"elementor-element elementor-element-a6ee8c8 elementor-widget elementor-widget-heading\" data-id=\"a6ee8c8\" data-element_type=\"widget\" data-widget_type=\"heading.default\">\n\t\t\t\t<div class=\"elementor-widget-container\">\n\t\t\t<style>\/*! elementor - v3.14.0 - 26-06-2023 *\/\n.elementor-heading-title{padding:0;margin:0;line-height:1}.elementor-widget-heading .elementor-heading-title[class*=elementor-size-]>a{color:inherit;font-size:inherit;line-height:inherit}.elementor-widget-heading .elementor-heading-title.elementor-size-small{font-size:15px}.elementor-widget-heading .elementor-heading-title.elementor-size-medium{font-size:19px}.elementor-widget-heading .elementor-heading-title.elementor-size-large{font-size:29px}.elementor-widget-heading .elementor-heading-title.elementor-size-xl{font-size:39px}.elementor-widget-heading .elementor-heading-title.elementor-size-xxl{font-size:59px}<\/style><h1 class=\"elementor-heading-title elementor-size-default\">INVENTARIO UNICO DE DOCUMENTOS<\/h1>\t\t<\/div>\n\t\t\t\t<\/div>\n\t\t\t\t<div class=\"elementor-element elementor-element-2872d29 elementor-widget elementor-widget-text-editor\" data-id=\"2872d29\" data-element_type=\"widget\" data-widget_type=\"text-editor.default\">\n\t\t\t\t<div class=\"elementor-widget-container\">\n\t\t\t<style>\/*! elementor - v3.14.0 - 26-06-2023 *\/\n.elementor-widget-text-editor.elementor-drop-cap-view-stacked .elementor-drop-cap{background-color:#69727d;color:#fff}.elementor-widget-text-editor.elementor-drop-cap-view-framed .elementor-drop-cap{color:#69727d;border:3px solid;background-color:transparent}.elementor-widget-text-editor:not(.elementor-drop-cap-view-default) .elementor-drop-cap{margin-top:8px}.elementor-widget-text-editor:not(.elementor-drop-cap-view-default) .elementor-drop-cap-letter{width:1em;height:1em}.elementor-widget-text-editor .elementor-drop-cap{float:left;text-align:center;line-height:1;font-size:50px}.elementor-widget-text-editor .elementor-drop-cap-letter{display:inline-block}<\/style>\t\t\t\t<p style=\"text-align: JUSTIFY;\">La Caja de Compensaci\u00f3n Familiar de Norte de Santander Comfanorte, pone a disposici\u00f3n de la ciudadan\u00eda el inventario de eliminaci\u00f3n documental aprobado mediante Acta de Comit\u00e9 de Archivo No. 12 de 23\/Enero\/2019. Lo anterior, de conformidad con las normas expedidas por el Archivo General de la Naci\u00f3n y en especial lo definido en el Acuerdo 004\/2013 en su art\u00edculo 15: Eliminaci\u00f3n de Documentos. Publicado el jueves 24 de enero de 2019.<\/p>\t\t\t\t\t\t<\/div>\n\t\t\t\t<\/div>\n\t\t\t\t<div class=\"elementor-element elementor-element-0b28a2d elementor-arrows-position-inside elementor-pagination-position-outside elementor-widget elementor-widget-image-carousel\" data-id=\"0b28a2d\" data-element_type=\"widget\" data-settings=\"{&quot;slides_to_show&quot;:&quot;1&quot;,&quot;navigation&quot;:&quot;both&quot;,&quot;autoplay&quot;:&quot;yes&quot;,&quot;pause_on_hover&quot;:&quot;yes&quot;,&quot;pause_on_interaction&quot;:&quot;yes&quot;,&quot;autoplay_speed&quot;:5000,&quot;infinite&quot;:&quot;yes&quot;,&quot;effect&quot;:&quot;slide&quot;,&quot;speed&quot;:500}\" data-widget_type=\"image-carousel.default\">\n\t\t\t\t<div class=\"elementor-widget-container\">\n\t\t\t<style>\/*! elementor - v3.14.0 - 26-06-2023 *\/\n.elementor-widget-image-carousel .swiper,.elementor-widget-image-carousel .swiper-container{position:static}.elementor-widget-image-carousel .swiper-container .swiper-slide figure,.elementor-widget-image-carousel .swiper .swiper-slide figure{line-height:inherit}.elementor-widget-image-carousel .swiper-slide{text-align:center}.elementor-image-carousel-wrapper:not(.swiper-container-initialized):not(.swiper-initialized) .swiper-slide{max-width:calc(100% \/ var(--e-image-carousel-slides-to-show, 3))}<\/style>\t\t<div class=\"elementor-image-carousel-wrapper swiper-container\" dir=\"ltr\">\n\t\t\t<div class=\"elementor-image-carousel swiper-wrapper swiper-image-stretch\" aria-live=\"off\">\n\t\t\t\t\t\t\t\t<div class=\"swiper-slide\" role=\"group\" aria-roledescription=\"slide\" aria-label=\"1 of 9\"><figure class=\"swiper-slide-inner\"><img decoding=\"async\" class=\"swiper-slide-image\" src=\"https:\/\/comfanorte.com.co\/index\/wp-content\/uploads\/2022\/06\/hoja1.png\" alt=\"hoja1\" \/><\/figure><\/div><div class=\"swiper-slide\" role=\"group\" aria-roledescription=\"slide\" aria-label=\"2 of 9\"><figure class=\"swiper-slide-inner\"><img decoding=\"async\" class=\"swiper-slide-image\" src=\"https:\/\/comfanorte.com.co\/index\/wp-content\/uploads\/2022\/06\/hoja2.png\" alt=\"hoja2\" \/><\/figure><\/div><div class=\"swiper-slide\" role=\"group\" aria-roledescription=\"slide\" aria-label=\"3 of 9\"><figure class=\"swiper-slide-inner\"><img decoding=\"async\" class=\"swiper-slide-image\" src=\"https:\/\/comfanorte.com.co\/index\/wp-content\/uploads\/2022\/06\/hoja3.png\" alt=\"hoja3\" \/><\/figure><\/div><div class=\"swiper-slide\" role=\"group\" aria-roledescription=\"slide\" aria-label=\"4 of 9\"><figure class=\"swiper-slide-inner\"><img decoding=\"async\" class=\"swiper-slide-image\" src=\"https:\/\/comfanorte.com.co\/index\/wp-content\/uploads\/2022\/06\/hoja4.png\" alt=\"hoja4\" \/><\/figure><\/div><div class=\"swiper-slide\" role=\"group\" aria-roledescription=\"slide\" aria-label=\"5 of 9\"><figure class=\"swiper-slide-inner\"><img decoding=\"async\" class=\"swiper-slide-image\" src=\"https:\/\/comfanorte.com.co\/index\/wp-content\/uploads\/2022\/06\/hoja5.png\" alt=\"hoja5\" \/><\/figure><\/div><div class=\"swiper-slide\" role=\"group\" aria-roledescription=\"slide\" aria-label=\"6 of 9\"><figure class=\"swiper-slide-inner\"><img decoding=\"async\" class=\"swiper-slide-image\" src=\"https:\/\/comfanorte.com.co\/index\/wp-content\/uploads\/2022\/06\/hoja6.png\" alt=\"hoja6\" \/><\/figure><\/div><div class=\"swiper-slide\" role=\"group\" aria-roledescription=\"slide\" aria-label=\"7 of 9\"><figure class=\"swiper-slide-inner\"><img decoding=\"async\" class=\"swiper-slide-image\" src=\"https:\/\/comfanorte.com.co\/index\/wp-content\/uploads\/2022\/06\/hoja7.png\" alt=\"hoja7\" \/><\/figure><\/div><div class=\"swiper-slide\" role=\"group\" aria-roledescription=\"slide\" aria-label=\"8 of 9\"><figure class=\"swiper-slide-inner\"><img decoding=\"async\" class=\"swiper-slide-image\" src=\"https:\/\/comfanorte.com.co\/index\/wp-content\/uploads\/2022\/06\/hoja8.png\" alt=\"hoja8\" \/><\/figure><\/div><div class=\"swiper-slide\" role=\"group\" aria-roledescription=\"slide\" aria-label=\"9 of 9\"><figure class=\"swiper-slide-inner\"><img decoding=\"async\" class=\"swiper-slide-image\" src=\"https:\/\/comfanorte.com.co\/index\/wp-content\/uploads\/2022\/06\/hoja9.png\" alt=\"hoja9\" \/><\/figure><\/div>\t\t\t<\/div>\n\t\t\t\t\t\t\t\t\t\t\t\t<div class=\"elementor-swiper-button elementor-swiper-button-prev\" role=\"button\" tabindex=\"0\">\n\t\t\t\t\t\t<svg aria-hidden=\"true\" class=\"e-font-icon-svg e-eicon-chevron-left\" viewBox=\"0 0 1000 1000\" xmlns=\"http:\/\/www.w3.org\/2000\/svg\"><path d=\"M646 125C629 125 613 133 604 142L308 442C296 454 292 471 292 487 292 504 296 521 308 533L604 854C617 867 629 875 646 875 663 875 679 871 692 858 704 846 713 829 713 812 713 796 708 779 692 767L438 487 692 225C700 217 708 204 708 187 708 171 704 154 692 142 675 129 663 125 646 125Z\"><\/path><\/svg>\t\t\t\t\t<\/div>\n\t\t\t\t\t<div class=\"elementor-swiper-button elementor-swiper-button-next\" role=\"button\" tabindex=\"0\">\n\t\t\t\t\t\t<svg aria-hidden=\"true\" class=\"e-font-icon-svg e-eicon-chevron-right\" viewBox=\"0 0 1000 1000\" xmlns=\"http:\/\/www.w3.org\/2000\/svg\"><path d=\"M696 533C708 521 713 504 713 487 713 471 708 454 696 446L400 146C388 133 375 125 354 125 338 125 325 129 313 142 300 154 292 171 292 187 292 204 296 221 308 233L563 492 304 771C292 783 288 800 288 817 288 833 296 850 308 863 321 871 338 875 354 875 371 875 388 867 400 854L696 533Z\"><\/path><\/svg>\t\t\t\t\t<\/div>\n\t\t\t\t\n\t\t\t\t\t\t\t\t\t<div class=\"swiper-pagination\"><\/div>\n\t\t\t\t\t\t\t\t\t<\/div>\n\t\t\t\t<\/div>\n\t\t\t\t<\/div>\n\t\t\t\t\t<\/div>\n\t\t\t\t<\/div>\n\t\t\t\t\t\t\t<\/div>\n\t\t","protected":false},"excerpt":{"rendered":"<p>INVENTARIO UNICO DE DOCUMENTOS La Caja de Compensaci\u00f3n Familiar de Norte de Santander Comfanorte, pone a disposici\u00f3n de la ciudadan\u00eda el inventario de eliminaci\u00f3n documental aprobado mediante Acta de Comit\u00e9 de Archivo No. 12 de 23\/Enero\/2019. Lo anterior, de conformidad con las normas expedidas por el Archivo General de la Naci\u00f3n y en especial lo &hellip; <\/p>\n<p class=\"link-more\"><a href=\"https:\/\/comfanorte.com.co\/index\/inventario-unico-de-documentos\/\" class=\"more-link\">Sigue leyendo<span class=\"screen-reader-text\"> \u00abinventario unico de documentos\u00bb<\/span><\/a><\/p>\n","protected":false},"author":1,"featured_media":0,"parent":0,"menu_order":0,"comment_status":"closed","ping_status":"closed","template":"elementor_header_footer","meta":{"footnotes":""},"yoast_head":"<!-- This site is optimized with the Yoast SEO Premium plugin v18.4 (Yoast SEO v20.10) - https:\/\/yoast.com\/wordpress\/plugins\/seo\/ -->\n<title>inventario unico de documentos - Comfanorte<\/title>\n<meta name=\"robots\" content=\"index, follow, max-snippet:-1, max-image-preview:large, max-video-preview:-1\" \/>\n<link rel=\"canonical\" href=\"https:\/\/comfanorte.com.co\/index\/inventario-unico-de-documentos\/\" \/>\n<meta property=\"og:locale\" content=\"es_ES\" \/>\n<meta property=\"og:type\" content=\"article\" \/>\n<meta property=\"og:title\" content=\"inventario unico de documentos\" \/>\n<meta property=\"og:description\" content=\"INVENTARIO UNICO DE DOCUMENTOS La Caja de Compensaci\u00f3n Familiar de Norte de Santander Comfanorte, pone a disposici\u00f3n de la ciudadan\u00eda el inventario de eliminaci\u00f3n documental aprobado mediante Acta de Comit\u00e9 de Archivo No. 12 de 23\/Enero\/2019. Lo anterior, de conformidad con las normas expedidas por el Archivo General de la Naci\u00f3n y en especial lo &hellip; Sigue leyendo \u00abinventario unico de documentos\u00bb\" \/>\n<meta property=\"og:url\" content=\"https:\/\/comfanorte.com.co\/index\/inventario-unico-de-documentos\/\" \/>\n<meta property=\"og:site_name\" content=\"Comfanorte\" \/>\n<meta property=\"article:modified_time\" content=\"2022-06-20T16:19:27+00:00\" \/>\n<meta property=\"og:image\" content=\"http:\/\/comfanorte.com.co\/index\/wp-content\/uploads\/2022\/06\/hoja1.png\" \/>\n<meta name=\"twitter:card\" content=\"summary_large_image\" \/>\n<meta name=\"twitter:label1\" content=\"Tiempo estimado de lectura\" \/>\n\t<meta name=\"twitter:data1\" content=\"3 minutos\" \/>\n<script type=\"application\/ld+json\" class=\"yoast-schema-graph\">{\"@context\":\"https:\/\/schema.org\",\"@graph\":[{\"@type\":\"WebPage\",\"@id\":\"https:\/\/comfanorte.com.co\/index\/inventario-unico-de-documentos\/\",\"url\":\"https:\/\/comfanorte.com.co\/index\/inventario-unico-de-documentos\/\",\"name\":\"inventario unico de documentos - Comfanorte\",\"isPartOf\":{\"@id\":\"https:\/\/comfanorte.com.co\/index\/#website\"},\"datePublished\":\"2022-06-20T16:00:53+00:00\",\"dateModified\":\"2022-06-20T16:19:27+00:00\",\"breadcrumb\":{\"@id\":\"https:\/\/comfanorte.com.co\/index\/inventario-unico-de-documentos\/#breadcrumb\"},\"inLanguage\":\"es-CO\",\"potentialAction\":[{\"@type\":\"ReadAction\",\"target\":[\"https:\/\/comfanorte.com.co\/index\/inventario-unico-de-documentos\/\"]}]},{\"@type\":\"BreadcrumbList\",\"@id\":\"https:\/\/comfanorte.com.co\/index\/inventario-unico-de-documentos\/#breadcrumb\",\"itemListElement\":[{\"@type\":\"ListItem\",\"position\":1,\"name\":\"Home\",\"item\":\"https:\/\/comfanorte.com.co\/index\/\"},{\"@type\":\"ListItem\",\"position\":2,\"name\":\"inventario unico de documentos\"}]},{\"@type\":\"WebSite\",\"@id\":\"https:\/\/comfanorte.com.co\/index\/#website\",\"url\":\"https:\/\/comfanorte.com.co\/index\/\",\"name\":\"Comfanorte\",\"description\":\"Sitio oficial de la Caja de Compensaci\u00f3n Familiar de Norte de Santander\",\"publisher\":{\"@id\":\"https:\/\/comfanorte.com.co\/index\/#organization\"},\"potentialAction\":[{\"@type\":\"SearchAction\",\"target\":{\"@type\":\"EntryPoint\",\"urlTemplate\":\"https:\/\/comfanorte.com.co\/index\/?s={search_term_string}\"},\"query-input\":\"required name=search_term_string\"}],\"inLanguage\":\"es-CO\"},{\"@type\":\"Organization\",\"@id\":\"https:\/\/comfanorte.com.co\/index\/#organization\",\"name\":\"Comfanorte\",\"url\":\"https:\/\/comfanorte.com.co\/index\/\",\"logo\":{\"@type\":\"ImageObject\",\"inLanguage\":\"es-CO\",\"@id\":\"https:\/\/comfanorte.com.co\/index\/#\/schema\/logo\/image\/\",\"url\":\"https:\/\/comfanorte.com.co\/index\/wp-content\/uploads\/2020\/05\/LogoWebsite-300x80-1.png\",\"contentUrl\":\"https:\/\/comfanorte.com.co\/index\/wp-content\/uploads\/2020\/05\/LogoWebsite-300x80-1.png\",\"width\":300,\"height\":80,\"caption\":\"Comfanorte\"},\"image\":{\"@id\":\"https:\/\/comfanorte.com.co\/index\/#\/schema\/logo\/image\/\"}}]}<\/script>\n<!-- \/ Yoast SEO Premium plugin. -->","yoast_head_json":{"title":"inventario unico de documentos - Comfanorte","robots":{"index":"index","follow":"follow","max-snippet":"max-snippet:-1","max-image-preview":"max-image-preview:large","max-video-preview":"max-video-preview:-1"},"canonical":"https:\/\/comfanorte.com.co\/index\/inventario-unico-de-documentos\/","og_locale":"es_ES","og_type":"article","og_title":"inventario unico de documentos","og_description":"INVENTARIO UNICO DE DOCUMENTOS La Caja de Compensaci\u00f3n Familiar de Norte de Santander Comfanorte, pone a disposici\u00f3n de la ciudadan\u00eda el inventario de eliminaci\u00f3n documental aprobado mediante Acta de Comit\u00e9 de Archivo No. 12 de 23\/Enero\/2019. Lo anterior, de conformidad con las normas expedidas por el Archivo General de la Naci\u00f3n y en especial lo &hellip; Sigue leyendo \u00abinventario unico de documentos\u00bb","og_url":"https:\/\/comfanorte.com.co\/index\/inventario-unico-de-documentos\/","og_site_name":"Comfanorte","article_modified_time":"2022-06-20T16:19:27+00:00","og_image":[{"url":"http:\/\/comfanorte.com.co\/index\/wp-content\/uploads\/2022\/06\/hoja1.png"}],"twitter_card":"summary_large_image","twitter_misc":{"Tiempo estimado de lectura":"3 minutos"},"schema":{"@context":"https:\/\/schema.org","@graph":[{"@type":"WebPage","@id":"https:\/\/comfanorte.com.co\/index\/inventario-unico-de-documentos\/","url":"https:\/\/comfanorte.com.co\/index\/inventario-unico-de-documentos\/","name":"inventario unico de documentos - Comfanorte","isPartOf":{"@id":"https:\/\/comfanorte.com.co\/index\/#website"},"datePublished":"2022-06-20T16:00:53+00:00","dateModified":"2022-06-20T16:19:27+00:00","breadcrumb":{"@id":"https:\/\/comfanorte.com.co\/index\/inventario-unico-de-documentos\/#breadcrumb"},"inLanguage":"es-CO","potentialAction":[{"@type":"ReadAction","target":["https:\/\/comfanorte.com.co\/index\/inventario-unico-de-documentos\/"]}]},{"@type":"BreadcrumbList","@id":"https:\/\/comfanorte.com.co\/index\/inventario-unico-de-documentos\/#breadcrumb","itemListElement":[{"@type":"ListItem","position":1,"name":"Home","item":"https:\/\/comfanorte.com.co\/index\/"},{"@type":"ListItem","position":2,"name":"inventario unico de documentos"}]},{"@type":"WebSite","@id":"https:\/\/comfanorte.com.co\/index\/#website","url":"https:\/\/comfanorte.com.co\/index\/","name":"Comfanorte","description":"Sitio oficial de la Caja de Compensaci\u00f3n Familiar de Norte de Santander","publisher":{"@id":"https:\/\/comfanorte.com.co\/index\/#organization"},"potentialAction":[{"@type":"SearchAction","target":{"@type":"EntryPoint","urlTemplate":"https:\/\/comfanorte.com.co\/index\/?s={search_term_string}"},"query-input":"required name=search_term_string"}],"inLanguage":"es-CO"},{"@type":"Organization","@id":"https:\/\/comfanorte.com.co\/index\/#organization","name":"Comfanorte","url":"https:\/\/comfanorte.com.co\/index\/","logo":{"@type":"ImageObject","inLanguage":"es-CO","@id":"https:\/\/comfanorte.com.co\/index\/#\/schema\/logo\/image\/","url":"https:\/\/comfanorte.com.co\/index\/wp-content\/uploads\/2020\/05\/LogoWebsite-300x80-1.png","contentUrl":"https:\/\/comfanorte.com.co\/index\/wp-content\/uploads\/2020\/05\/LogoWebsite-300x80-1.png","width":300,"height":80,"caption":"Comfanorte"},"image":{"@id":"https:\/\/comfanorte.com.co\/index\/#\/schema\/logo\/image\/"}}]}},"_links":{"self":[{"href":"https:\/\/comfanorte.com.co\/index\/wp-json\/wp\/v2\/pages\/22965"}],"collection":[{"href":"https:\/\/comfanorte.com.co\/index\/wp-json\/wp\/v2\/pages"}],"about":[{"href":"https:\/\/comfanorte.com.co\/index\/wp-json\/wp\/v2\/types\/page"}],"author":[{"embeddable":true,"href":"https:\/\/comfanorte.com.co\/index\/wp-json\/wp\/v2\/users\/1"}],"replies":[{"embeddable":true,"href":"https:\/\/comfanorte.com.co\/index\/wp-json\/wp\/v2\/comments?post=22965"}],"version-history":[{"count":7,"href":"https:\/\/comfanorte.com.co\/index\/wp-json\/wp\/v2\/pages\/22965\/revisions"}],"predecessor-version":[{"id":22982,"href":"https:\/\/comfanorte.com.co\/index\/wp-json\/wp\/v2\/pages\/22965\/revisions\/22982"}],"wp:attachment":[{"href":"https:\/\/comfanorte.com.co\/index\/wp-json\/wp\/v2\/media?parent=22965"}],"curies":[{"name":"wp","href":"https:\/\/api.w.org\/{rel}","templated":true}]}}