{"id":24173,"date":"2022-09-29T12:49:39","date_gmt":"2022-09-29T17:49:39","guid":{"rendered":"https:\/\/comfanorte.com.co\/index\/?page_id=24173"},"modified":"2026-03-16T14:50:34","modified_gmt":"2026-03-16T19:50:34","slug":"planeacion-presupuesto-e-informes","status":"publish","type":"page","link":"https:\/\/comfanorte.com.co\/index\/planeacion-presupuesto-e-informes\/","title":{"rendered":"Planeaci\u00f3n, presupuesto e informes"},"content":{"rendered":"\t\t<div data-elementor-type=\"wp-page\" data-elementor-id=\"24173\" class=\"elementor elementor-24173\" data-elementor-post-type=\"page\">\n\t\t\t\t\t\t\t<div class=\"elementor-element elementor-element-4af7f87 e-flex e-con-boxed e-con\" data-id=\"4af7f87\" data-element_type=\"container\" data-settings=\"{&quot;content_width&quot;:&quot;boxed&quot;}\">\n\t\t\t\t\t<div class=\"e-con-inner\">\n\t\t\t\t<div class=\"elementor-element elementor-element-5c6e6eb elementor-widget elementor-widget-spacer\" data-id=\"5c6e6eb\" data-element_type=\"widget\" data-widget_type=\"spacer.default\">\n\t\t\t\t<div class=\"elementor-widget-container\">\n\t\t\t<style>\/*! elementor - v3.14.0 - 26-06-2023 *\/\n.elementor-column .elementor-spacer-inner{height:var(--spacer-size)}.e-con{--container-widget-width:100%}.e-con-inner>.elementor-widget-spacer,.e-con>.elementor-widget-spacer{width:var(--container-widget-width,var(--spacer-size));--align-self:var(--container-widget-align-self,initial);--flex-shrink:0}.e-con-inner>.elementor-widget-spacer>.elementor-widget-container,.e-con-inner>.elementor-widget-spacer>.elementor-widget-container>.elementor-spacer,.e-con>.elementor-widget-spacer>.elementor-widget-container,.e-con>.elementor-widget-spacer>.elementor-widget-container>.elementor-spacer{height:100%}.e-con-inner>.elementor-widget-spacer>.elementor-widget-container>.elementor-spacer>.elementor-spacer-inner,.e-con>.elementor-widget-spacer>.elementor-widget-container>.elementor-spacer>.elementor-spacer-inner{height:var(--container-widget-height,var(--spacer-size))}<\/style>\t\t<div class=\"elementor-spacer\">\n\t\t\t<div class=\"elementor-spacer-inner\"><\/div>\n\t\t<\/div>\n\t\t\t\t<\/div>\n\t\t\t\t<\/div>\n\t\t\t\t<div class=\"elementor-element elementor-element-7798c77 elementor-widget elementor-widget-heading\" data-id=\"7798c77\" data-element_type=\"widget\" data-widget_type=\"heading.default\">\n\t\t\t\t<div class=\"elementor-widget-container\">\n\t\t\t<style>\/*! elementor - v3.14.0 - 26-06-2023 *\/\n.elementor-heading-title{padding:0;margin:0;line-height:1}.elementor-widget-heading .elementor-heading-title[class*=elementor-size-]>a{color:inherit;font-size:inherit;line-height:inherit}.elementor-widget-heading .elementor-heading-title.elementor-size-small{font-size:15px}.elementor-widget-heading .elementor-heading-title.elementor-size-medium{font-size:19px}.elementor-widget-heading .elementor-heading-title.elementor-size-large{font-size:29px}.elementor-widget-heading .elementor-heading-title.elementor-size-xl{font-size:39px}.elementor-widget-heading .elementor-heading-title.elementor-size-xxl{font-size:59px}<\/style><h1 class=\"elementor-heading-title elementor-size-default\">Planeaci\u00f3n, presupuesto e informes<\/h1>\t\t<\/div>\n\t\t\t\t<\/div>\n\t\t\t\t<div class=\"elementor-element elementor-element-cab8da8 elementor-widget elementor-widget-text-editor\" data-id=\"cab8da8\" data-element_type=\"widget\" data-widget_type=\"text-editor.default\">\n\t\t\t\t<div class=\"elementor-widget-container\">\n\t\t\t<style>\/*! elementor - v3.14.0 - 26-06-2023 *\/\n.elementor-widget-text-editor.elementor-drop-cap-view-stacked .elementor-drop-cap{background-color:#69727d;color:#fff}.elementor-widget-text-editor.elementor-drop-cap-view-framed .elementor-drop-cap{color:#69727d;border:3px solid;background-color:transparent}.elementor-widget-text-editor:not(.elementor-drop-cap-view-default) .elementor-drop-cap{margin-top:8px}.elementor-widget-text-editor:not(.elementor-drop-cap-view-default) .elementor-drop-cap-letter{width:1em;height:1em}.elementor-widget-text-editor .elementor-drop-cap{float:left;text-align:center;line-height:1;font-size:50px}.elementor-widget-text-editor .elementor-drop-cap-letter{display:inline-block}<\/style>\t\t\t\t<p><strong>Presupuesto general de ingresos, gastos e inversi\u00f3n.<\/strong><\/p><p><strong>Ejecuci\u00f3n presupuestal.<\/strong><\/p><ul><li>Informaci\u00f3n de la ejecuci\u00f3n presupuestal aprobada y ejecutada de ingresos y gastos anuales.<ul><li><a href=\"https:\/\/comfanorte.com.co\/index\/wp-content\/uploads\/2022\/07\/INFORMACION-FINANCIERA-COMFANORTE.pdf\" target=\"_blank\" rel=\"noopener\" data-userway-s6-styled=\"true\">Presupuesto 2018<\/a><\/li><li><a href=\"https:\/\/comfanorte.com.co\/index\/wp-content\/uploads\/2022\/07\/presupuesto-2019.pdf\" target=\"_blank\" rel=\"noopener\" data-userway-s6-styled=\"true\">Presupuesto 2019<\/a><\/li><li><a href=\"https:\/\/comfanorte.com.co\/index\/wp-content\/uploads\/2022\/07\/presupuesto-2020.xlsx\" target=\"_blank\" rel=\"noopener\" data-userway-s6-styled=\"true\">Presupuesto 2020<\/a><\/li><li><a href=\"https:\/\/comfanorte.com.co\/index\/wp-content\/uploads\/2022\/09\/ESTADO-DE-RESULTADO-2021.pdf\" data-userway-s6-styled=\"true\">Presupuesto 2021<\/a><\/li><li><a href=\"https:\/\/comfanorte.com.co\/index\/wp-content\/uploads\/2023\/03\/ESTADO-DE-RESULTADO-2022.xlsx\" data-userway-s6-styled=\"true\">Presupuesto 2022<\/a><\/li><li><a href=\"https:\/\/comfanorte.com.co\/index\/wp-content\/uploads\/2024\/06\/ESTADO-DE-RESULTADO-2023.xlsx\" data-userway-s6-styled=\"true\">Presupuesto 2023<\/a><\/li><li><a href=\"https:\/\/comfanorte.com.co\/index\/wp-content\/uploads\/2025\/04\/ESTADO-DE-RESULTADO-2024.xlsx\" data-userway-s6-styled=\"true\">Presupuesto 2024<\/a><\/li><\/ul><\/li><\/ul><p><strong>Informes de gesti\u00f3n, evaluaci\u00f3n y auditor\u00eda.<\/strong><\/p><ul><li>Informe de Gesti\u00f3n.<ul><li><a href=\"https:\/\/comfanorte.com.co\/index\/wp-content\/uploads\/2022\/07\/informe_de_gestion_2018.pdf\" target=\"_blank\" rel=\"noopener\" data-userway-s6-styled=\"true\">2018<\/a><\/li><li><a href=\"https:\/\/comfanorte.com.co\/index\/wp-content\/uploads\/2022\/07\/informe_de_gestion_2019.pdf\" target=\"_blank\" rel=\"noopener\" data-userway-s6-styled=\"true\">2019<\/a><\/li><li><a href=\"https:\/\/comfanorte.com.co\/index\/wp-content\/uploads\/2022\/07\/informe_de_gestion_2018.pdf\" target=\"_blank\" rel=\"noopener\" data-userway-s6-styled=\"true\">2020<\/a><\/li><li><a href=\"https:\/\/comfanorte.com.co\/index\/comfanorte2020\/\" target=\"_blank\" rel=\"noopener\" data-userway-s6-styled=\"true\">20 a\u00f1os de gesti\u00f3n \u2013 2020<\/a><\/li><li><a href=\"https:\/\/comfanorte.com.co\/index\/wp-content\/uploads\/2026\/03\/InformeComfanorte2021-1.pdf\" data-userway-s6-styled=\"true\">2021<\/a><\/li><li><a href=\"https:\/\/comfanorte.com.co\/index\/wp-content\/uploads\/2023\/06\/InformeSocialyFinancieroComfanorte2022.pdf\" target=\"_blank\" rel=\"noopener\" data-userway-s6-styled=\"true\">2022<\/a><\/li><li><a href=\"https:\/\/comfanorte.com.co\/index\/wp-content\/uploads\/2024\/07\/InformeSocialyEconomico2023-1.pdf\" data-userway-s6-styled=\"true\">2023<\/a><\/li><li><a href=\"https:\/\/comfanorte.com.co\/index\/wp-content\/uploads\/2025\/04\/InformeSocialyEconomico2024co-1.pdf\" data-userway-s6-styled=\"true\">2024<\/a><\/li><\/ul><\/li><li>Informe de rendici\u00f3n de cuentas ante la Contralor\u00eda General de la Rep\u00fablica, o a los organismos de Contralor\u00eda o Control territoriales.<ul><li><a href=\"https:\/\/www.contraloria.gov.co\/es\/resultados\/proceso-auditor\/auditorias-liberadas\/-\/document_library\/wsvr\/view\/3044404?_com_liferay_document_library_web_portlet_DLPortlet_INSTANCE_wsvr_redirect=https%3A%2F%2Fwww.contraloria.gov.co%2Fes%2Fresultados%2Fproceso-auditor%2Fauditorias-liberadas%2F-%2Fdocument_library%2Fwsvr%2Fview%2F342020%3F_com_liferay_document_library_web_portlet_DLPortlet_INSTANCE_wsvr_redirect%3Dhttps%253A%252F%252Fwww.contraloria.gov.co%252Fes%252Fresultados%252Fproceso-auditor%252Fauditorias-liberadas%253Fp_p_id%253Dcom_liferay_document_library_web_portlet_DLPortlet_INSTANCE_wsvr%2526p_p_lifecycle%253D0%2526p_p_state%253Dnormal%2526p_p_mode%253Dview\" target=\"_blank\" rel=\"noopener\" data-userway-s6-styled=\"true\">Auditorias liberadas Sector Trabajo<\/a><\/li><li><a href=\"https:\/\/www.contraloria.gov.co\/web\/rendicion-de-cuentas\/transparencia-y-acceso-a-la-informacion-p%C3%BAblica\" data-userway-s6-styled=\"true\">Informe auditor\u00eda Contralor\u00eda<\/a><\/li><li><a href=\"https:\/\/comfanorte.com.co\/index\/wp-content\/uploads\/2022\/09\/certificado_3386_20211231_12.pdf\" data-userway-s6-styled=\"true\">SIRECI<\/a><\/li><\/ul><\/li><li>Informaci\u00f3n de rendici\u00f3n de cuentas a la ciudadan\u00eda.<ul><li><a href=\"https:\/\/comfanorte.com.co\/index\/responsabilidad-empresarial\/\" target=\"_blank\" rel=\"noopener\" data-userway-s6-styled=\"true\">Informes de Sostenibilidad<\/a><\/li><li><a role=\"link\" href=\"https:\/\/comfanorte.com.co\/index\/informe-gestion-pqrsf-2019\/\" target=\"_blank\" rel=\"noopener\" data-userway-s6-styled=\"true\">Informe PQRSF 2019<\/a><\/li><li><a role=\"link\" href=\"https:\/\/comfanorte.com.co\/index\/informe-gestion-pqrsf-2020\/\" target=\"_blank\" rel=\"noopener\" data-userway-s6-styled=\"true\">Informe PQRSF 2020<\/a><\/li><li><a role=\"link\" href=\"https:\/\/comfanorte.com.co\/index\/wp-content\/uploads\/2026\/03\/Informe-Gestion-Servicio-al-cliente-2021.pdf\" data-userway-s6-styled=\"true\">Informe PQRSF 2021<\/a><\/li><li><a href=\"https:\/\/comfanorte.com.co\/index\/wp-content\/uploads\/2022\/09\/INFORME-GESTION-SC-I_TRIMESTRE-2022_FINAL.pdf\" data-userway-s6-styled=\"true\">Informe I Trimestre 2022<\/a><\/li><li><a href=\"https:\/\/comfanorte.com.co\/index\/wp-content\/uploads\/2022\/09\/INFORME-GESTION-SC-II_TRIMESTRE-2022_FINAL_DIRECCION_ADMINISTRATIVA.pdf\" data-userway-s6-styled=\"true\">Informe II trimestre 2022<\/a><\/li><li><a href=\"https:\/\/comfanorte.com.co\/index\/wp-content\/uploads\/2023\/02\/INFORME-GESTION-SC-III_TRIMESTRE-2022.pdf\" data-userway-s6-styled=\"true\">Informe III Trimestre 2022<\/a><\/li><li><a href=\"https:\/\/comfanorte.com.co\/index\/wp-content\/uploads\/2023\/02\/INFORME-GESTION-SC-IV_TRIMESTRE-2022-1.pdf\" data-userway-s6-styled=\"true\">Informe IV Trimestre 2022<\/a><\/li><li><a href=\"https:\/\/comfanorte.com.co\/index\/wp-content\/uploads\/2023\/05\/INFORME-GESTION-SC-I_TRIMESTRE-2023.pdf\" data-userway-s6-styled=\"true\">Informe I Trimestre 2023<\/a><\/li><li><a href=\"https:\/\/comfanorte.com.co\/index\/wp-content\/uploads\/2023\/08\/INFORME-GESTION-SC-2o.TRIMESTRE-2023.pdf\" data-userway-s6-styled=\"true\">Informe II Trimestre 2023<\/a><\/li><li><a href=\"https:\/\/comfanorte.com.co\/index\/wp-content\/uploads\/2023\/11\/INFORME-GESTION-SC-3o.TRIMESTRE-2023-1.pdf\" data-userway-s6-styled=\"true\">Informe III Trimestre 2023<\/a><\/li><li><a href=\"https:\/\/comfanorte.com.co\/index\/wp-content\/uploads\/2024\/04\/INFORME-GESTION-SC-4to.TRIMESTRE-2023.pdf\" data-userway-s6-styled=\"true\">Informe IV Trimestre 2023<\/a><\/li><li><a href=\"https:\/\/comfanorte.com.co\/index\/wp-content\/uploads\/2024\/06\/INFORME-GESTION-SC-1er.TRIMESTRE-2024.pdf_Final-1.pdf\" data-userway-s6-styled=\"true\">Informe I Trimestre 2024<\/a><\/li><li><a href=\"https:\/\/comfanorte.com.co\/index\/wp-content\/uploads\/2024\/07\/INFORME-GESTION-SC-2do.TRIMESTRE-2024_final.pdf\" data-userway-s6-styled=\"true\">Informe II Trimestre 2024<\/a><\/li><li><a href=\"https:\/\/comfanorte.com.co\/index\/wp-content\/uploads\/2024\/11\/Informe-Gestion-3er.Trim_.-2024-S-al.pdf\" data-userway-s6-styled=\"true\">Informe III Trimestre 2024<\/a><\/li><li><a href=\"https:\/\/comfanorte.com.co\/index\/wp-content\/uploads\/2025\/08\/Informe-IV-trimestre-final-2024.pdf\" target=\"_blank\" rel=\"noopener\">Informe IV Trimestre 2024<\/a><\/li><li><a href=\"https:\/\/comfanorte.com.co\/index\/wp-content\/uploads\/2025\/05\/Informe-de-gestion-1er.-trim.-Servicio-al-Cliente-1.pdf\" data-userway-s6-styled=\"true\">Informe I Trimestre 2025<\/a><\/li><li><a href=\"https:\/\/comfanorte.com.co\/index\/wp-content\/uploads\/2025\/08\/Informe-II-Trimestre-2025-1.pdf\" target=\"_blank\" rel=\"noopener\">Informe II Trimestre 2025<\/a><\/li><li><a href=\"https:\/\/comfanorte.com.co\/index\/wp-content\/uploads\/2025\/12\/INFORME-DE-GESTION-SC-III-TRIMESTRE-1.pdf\">Informe lll Trimestre 2025<\/a><\/li><li><a href=\"https:\/\/comfanorte.com.co\/index\/wp-content\/uploads\/2026\/03\/INFORME_IV-TRIMESTRE_2025_F.pdf\">Informe IV Trimestre 2025<\/a><\/li><\/ul><\/li><li>Informes a organismos de inspecci\u00f3n, vigilancia y control (si le aplica).<ul><li><a href=\"https:\/\/www.ssf.gov.co\/informes-de-gesti%C3%B3n-evaluaci%C3%B3n-y-auditor%C3%ADa\" target=\"_blank\" rel=\"noopener\" data-userway-s6-styled=\"true\">Informe de Gesti\u00f3n de la SSF<\/a><\/li><\/ul><\/li><li>Planes de mejoramiento:<ul><li><a href=\"https:\/\/www.ssf.gov.co\/plan-de-mejoramiento\" target=\"_blank\" rel=\"noopener\" data-userway-s6-styled=\"true\">Planes de mejoramiento SSF<\/a><\/li><li><a href=\"https:\/\/www.contraloria.gov.co\/web\/guest\/contraloria\/planeacion-gestion-y-control\/gestion-estrategica\/plan-de-mejoramiento\" target=\"_blank\" rel=\"noopener\" data-userway-s6-styled=\"true\">Planes de mejoramiento Contralor\u00eda<\/a><\/li><\/ul><\/li><\/ul><p><strong>Informes trimestrales sobre acceso a informaci\u00f3n, quejas y reclamos. <\/strong><\/p><ul><li><a role=\"link\" href=\"https:\/\/comfanorte.com.co\/wp-content\/uploads\/2022\/09\/INFORME-GESTION-S.C.-2019.pdf\" data-userway-s6-styled=\"true\">Informe PQRSF 2019<\/a><\/li><li><a role=\"link\" href=\"https:\/\/comfanorte.com.co\/wp-content\/uploads\/2022\/09\/INFORME-GESTION-SERVICIO-AL-CLIENTE-ANO-2020..pdf\" data-userway-s6-styled=\"true\">Informe PQRSF 2020<\/a><\/li><li><a role=\"link\" href=\"https:\/\/comfanorte.com.co\/wp-content\/uploads\/2022\/09\/INFORME-GESTION-SERVICIO-AL-CLIENTE-ANO-2021..pdf\" data-userway-s6-styled=\"true\">Informe PQRSF 2021<\/a><\/li><li><a href=\"https:\/\/comfanorte.com.co\/index\/wp-content\/uploads\/2022\/09\/INFORME-GESTION-SC-I_TRIMESTRE-2022_FINAL.pdf\" data-userway-s6-styled=\"true\">Informe I Trimestre 2022<\/a><\/li><li><a href=\"https:\/\/comfanorte.com.co\/index\/wp-content\/uploads\/2022\/09\/INFORME-GESTION-SC-II_TRIMESTRE-2022_FINAL_DIRECCION_ADMINISTRATIVA.pdf\" data-userway-s6-styled=\"true\">Informe II trimestre 2022<\/a><\/li><li><a href=\"https:\/\/comfanorte.com.co\/index\/wp-content\/uploads\/2023\/02\/INFORME-GESTION-SC-III_TRIMESTRE-2022.pdf\" data-userway-s6-styled=\"true\">Informe lll trimestre 2022<\/a><\/li><li><a href=\"https:\/\/comfanorte.com.co\/index\/wp-content\/uploads\/2023\/02\/INFORME-GESTION-SC-IV_TRIMESTRE-2022-1.pdf\" data-userway-s6-styled=\"true\">Informe lV Trimestre 2022<\/a><\/li><li><a href=\"https:\/\/comfanorte.com.co\/index\/wp-content\/uploads\/2023\/05\/INFORME-GESTION-SC-I_TRIMESTRE-2023-1.pdf\" data-userway-s6-styled=\"true\">Informe l Trimestre 2023<\/a><\/li><li><a href=\"https:\/\/comfanorte.com.co\/index\/wp-content\/uploads\/2023\/08\/INFORME-GESTION-SC-2o.TRIMESTRE-2023.pdf\" data-userway-s6-styled=\"true\">Informe ll Trimestre 2023<\/a><\/li><li><a href=\"https:\/\/comfanorte.com.co\/index\/wp-content\/uploads\/2023\/11\/INFORME-GESTION-SC-3o.TRIMESTRE-2023-1.pdf\" data-userway-s6-styled=\"true\">Informe lll Trimestre 2023<\/a><\/li><li><a href=\"https:\/\/comfanorte.com.co\/index\/wp-content\/uploads\/2024\/04\/INFORME-GESTION-SC-4to.TRIMESTRE-2023.pdf\" data-userway-s6-styled=\"true\">Informe llll Trimestre 2023<\/a><\/li><li><a href=\"https:\/\/comfanorte.com.co\/index\/wp-content\/uploads\/2024\/06\/INFORME-GESTION-SC-1er.TRIMESTRE-2024.pdf_Final-1.pdf\" data-userway-s6-styled=\"true\">Informe l Trimestre 2024<\/a><\/li><li><a href=\"https:\/\/comfanorte.com.co\/index\/wp-content\/uploads\/2024\/07\/INFORME-GESTION-SC-2do.TRIMESTRE-2024_final.pdf\" data-userway-s6-styled=\"true\">Informe ll Trimestre 2024<\/a><\/li><li><a href=\"https:\/\/comfanorte.com.co\/index\/wp-content\/uploads\/2024\/11\/Informe-Gestion-3er.Trim_.-2024-S-al.pdf\" data-userway-s6-styled=\"true\">Informe lll Trimestre 2024<\/a><\/li><li><a href=\"https:\/\/comfanorte.com.co\/index\/wp-content\/uploads\/2025\/05\/Informe-de-gestion-1er.-trim.-Servicio-al-Cliente-1.pdf\" data-userway-s6-styled=\"true\">Informe 1 Trimestre 2025<\/a><\/li><li><a href=\"https:\/\/comfanorte.com.co\/index\/wp-content\/uploads\/2025\/08\/Informe-II-Trimestre-2025-1.pdf\" target=\"_blank\" rel=\"noopener\" data-userway-s6-styled=\"true\">Informe II\u00a0Trimestre\u00a02025<\/a><\/li><li><a href=\"https:\/\/comfanorte.com.co\/index\/wp-content\/uploads\/2025\/12\/INFORME-DE-GESTION-SC-III-TRIMESTRE-1.pdf\">Informe lll Trimestre 2025<\/a><\/li><li><a href=\"https:\/\/comfanorte.com.co\/index\/wp-content\/uploads\/2026\/03\/INFORME_IV-TRIMESTRE_2025_F.pdf\">Informe IV Trimestre 2025<\/a><\/li><\/ul>\t\t\t\t\t\t<\/div>\n\t\t\t\t<\/div>\n\t\t\t\t\t<\/div>\n\t\t\t\t<\/div>\n\t\t<div class=\"elementor-element elementor-element-cb48064 e-flex e-con-boxed e-con\" data-id=\"cb48064\" data-element_type=\"container\" data-settings=\"{&quot;content_width&quot;:&quot;boxed&quot;}\">\n\t\t\t\t\t<div class=\"e-con-inner\">\n\t\t\t\t<div class=\"elementor-element elementor-element-5c6647c elementor-widget elementor-widget-text-editor\" data-id=\"5c6647c\" data-element_type=\"widget\" data-widget_type=\"text-editor.default\">\n\t\t\t\t<div class=\"elementor-widget-container\">\n\t\t\t\t\t\t\t\t\t\t\t\t\t<\/div>\n\t\t\t\t<\/div>\n\t\t\t\t\t<\/div>\n\t\t\t\t<\/div>\n\t\t<div class=\"elementor-element elementor-element-81e4915 e-flex e-con-boxed e-con\" data-id=\"81e4915\" data-element_type=\"container\" data-settings=\"{&quot;content_width&quot;:&quot;boxed&quot;}\">\n\t\t\t\t\t<div class=\"e-con-inner\">\n\t\t\t\t<div class=\"elementor-element elementor-element-e7f5ebc elementor-widget elementor-widget-text-editor\" data-id=\"e7f5ebc\" data-element_type=\"widget\" data-widget_type=\"text-editor.default\">\n\t\t\t\t<div class=\"elementor-widget-container\">\n\t\t\t\t\t\t\t\t\t\t\t\t\t<\/div>\n\t\t\t\t<\/div>\n\t\t\t\t\t<\/div>\n\t\t\t\t<\/div>\n\t\t\t\t\t\t\t<\/div>\n\t\t","protected":false},"excerpt":{"rendered":"<p>Planeaci\u00f3n, presupuesto e informes Presupuesto general de ingresos, gastos e inversi\u00f3n. Ejecuci\u00f3n presupuestal. Informaci\u00f3n de la ejecuci\u00f3n presupuestal aprobada y ejecutada de ingresos y gastos anuales. Presupuesto 2018 Presupuesto 2019 Presupuesto 2020 Presupuesto 2021 Presupuesto 2022 Presupuesto 2023 Presupuesto 2024 Informes de gesti\u00f3n, evaluaci\u00f3n y auditor\u00eda. Informe de Gesti\u00f3n. 2018 2019 2020 20 a\u00f1os de &hellip; <\/p>\n<p class=\"link-more\"><a href=\"https:\/\/comfanorte.com.co\/index\/planeacion-presupuesto-e-informes\/\" class=\"more-link\">Sigue leyendo<span class=\"screen-reader-text\"> \u00abPlaneaci\u00f3n, presupuesto e informes\u00bb<\/span><\/a><\/p>\n","protected":false},"author":1,"featured_media":0,"parent":0,"menu_order":0,"comment_status":"closed","ping_status":"closed","template":"","meta":{"footnotes":""},"yoast_head":"<!-- This site is optimized with the Yoast SEO Premium plugin v18.4 (Yoast SEO v20.10) - https:\/\/yoast.com\/wordpress\/plugins\/seo\/ -->\n<title>Planeaci\u00f3n, presupuesto e informes - Comfanorte<\/title>\n<meta name=\"robots\" content=\"index, follow, max-snippet:-1, max-image-preview:large, max-video-preview:-1\" \/>\n<link rel=\"canonical\" href=\"https:\/\/comfanorte.com.co\/index\/planeacion-presupuesto-e-informes\/\" \/>\n<meta property=\"og:locale\" content=\"es_ES\" \/>\n<meta property=\"og:type\" content=\"article\" \/>\n<meta property=\"og:title\" content=\"Planeaci\u00f3n, presupuesto e informes\" \/>\n<meta property=\"og:description\" content=\"Planeaci\u00f3n, presupuesto e informes Presupuesto general de ingresos, gastos e inversi\u00f3n. Ejecuci\u00f3n presupuestal. Informaci\u00f3n de la ejecuci\u00f3n presupuestal aprobada y ejecutada de ingresos y gastos anuales. Presupuesto 2018 Presupuesto 2019 Presupuesto 2020 Presupuesto 2021 Presupuesto 2022 Presupuesto 2023 Presupuesto 2024 Informes de gesti\u00f3n, evaluaci\u00f3n y auditor\u00eda. Informe de Gesti\u00f3n. 2018 2019 2020 20 a\u00f1os de &hellip; Sigue leyendo \u00abPlaneaci\u00f3n, presupuesto e informes\u00bb\" \/>\n<meta property=\"og:url\" content=\"https:\/\/comfanorte.com.co\/index\/planeacion-presupuesto-e-informes\/\" \/>\n<meta property=\"og:site_name\" content=\"Comfanorte\" \/>\n<meta property=\"article:modified_time\" content=\"2026-03-16T19:50:34+00:00\" \/>\n<meta name=\"twitter:card\" content=\"summary_large_image\" \/>\n<meta name=\"twitter:label1\" content=\"Tiempo estimado de lectura\" \/>\n\t<meta name=\"twitter:data1\" content=\"2 minutos\" \/>\n<script type=\"application\/ld+json\" class=\"yoast-schema-graph\">{\"@context\":\"https:\/\/schema.org\",\"@graph\":[{\"@type\":\"WebPage\",\"@id\":\"https:\/\/comfanorte.com.co\/index\/planeacion-presupuesto-e-informes\/\",\"url\":\"https:\/\/comfanorte.com.co\/index\/planeacion-presupuesto-e-informes\/\",\"name\":\"Planeaci\u00f3n, presupuesto e informes - Comfanorte\",\"isPartOf\":{\"@id\":\"https:\/\/comfanorte.com.co\/index\/#website\"},\"datePublished\":\"2022-09-29T17:49:39+00:00\",\"dateModified\":\"2026-03-16T19:50:34+00:00\",\"breadcrumb\":{\"@id\":\"https:\/\/comfanorte.com.co\/index\/planeacion-presupuesto-e-informes\/#breadcrumb\"},\"inLanguage\":\"es-CO\",\"potentialAction\":[{\"@type\":\"ReadAction\",\"target\":[\"https:\/\/comfanorte.com.co\/index\/planeacion-presupuesto-e-informes\/\"]}]},{\"@type\":\"BreadcrumbList\",\"@id\":\"https:\/\/comfanorte.com.co\/index\/planeacion-presupuesto-e-informes\/#breadcrumb\",\"itemListElement\":[{\"@type\":\"ListItem\",\"position\":1,\"name\":\"Home\",\"item\":\"https:\/\/comfanorte.com.co\/index\/\"},{\"@type\":\"ListItem\",\"position\":2,\"name\":\"Planeaci\u00f3n, presupuesto e informes\"}]},{\"@type\":\"WebSite\",\"@id\":\"https:\/\/comfanorte.com.co\/index\/#website\",\"url\":\"https:\/\/comfanorte.com.co\/index\/\",\"name\":\"Comfanorte\",\"description\":\"Sitio oficial de la Caja de Compensaci\u00f3n Familiar de Norte de Santander\",\"publisher\":{\"@id\":\"https:\/\/comfanorte.com.co\/index\/#organization\"},\"potentialAction\":[{\"@type\":\"SearchAction\",\"target\":{\"@type\":\"EntryPoint\",\"urlTemplate\":\"https:\/\/comfanorte.com.co\/index\/?s={search_term_string}\"},\"query-input\":\"required name=search_term_string\"}],\"inLanguage\":\"es-CO\"},{\"@type\":\"Organization\",\"@id\":\"https:\/\/comfanorte.com.co\/index\/#organization\",\"name\":\"Comfanorte\",\"url\":\"https:\/\/comfanorte.com.co\/index\/\",\"logo\":{\"@type\":\"ImageObject\",\"inLanguage\":\"es-CO\",\"@id\":\"https:\/\/comfanorte.com.co\/index\/#\/schema\/logo\/image\/\",\"url\":\"https:\/\/comfanorte.com.co\/index\/wp-content\/uploads\/2020\/05\/LogoWebsite-300x80-1.png\",\"contentUrl\":\"https:\/\/comfanorte.com.co\/index\/wp-content\/uploads\/2020\/05\/LogoWebsite-300x80-1.png\",\"width\":300,\"height\":80,\"caption\":\"Comfanorte\"},\"image\":{\"@id\":\"https:\/\/comfanorte.com.co\/index\/#\/schema\/logo\/image\/\"}}]}<\/script>\n<!-- \/ Yoast SEO Premium plugin. -->","yoast_head_json":{"title":"Planeaci\u00f3n, presupuesto e informes - Comfanorte","robots":{"index":"index","follow":"follow","max-snippet":"max-snippet:-1","max-image-preview":"max-image-preview:large","max-video-preview":"max-video-preview:-1"},"canonical":"https:\/\/comfanorte.com.co\/index\/planeacion-presupuesto-e-informes\/","og_locale":"es_ES","og_type":"article","og_title":"Planeaci\u00f3n, presupuesto e informes","og_description":"Planeaci\u00f3n, presupuesto e informes Presupuesto general de ingresos, gastos e inversi\u00f3n. Ejecuci\u00f3n presupuestal. Informaci\u00f3n de la ejecuci\u00f3n presupuestal aprobada y ejecutada de ingresos y gastos anuales. Presupuesto 2018 Presupuesto 2019 Presupuesto 2020 Presupuesto 2021 Presupuesto 2022 Presupuesto 2023 Presupuesto 2024 Informes de gesti\u00f3n, evaluaci\u00f3n y auditor\u00eda. Informe de Gesti\u00f3n. 2018 2019 2020 20 a\u00f1os de &hellip; Sigue leyendo \u00abPlaneaci\u00f3n, presupuesto e informes\u00bb","og_url":"https:\/\/comfanorte.com.co\/index\/planeacion-presupuesto-e-informes\/","og_site_name":"Comfanorte","article_modified_time":"2026-03-16T19:50:34+00:00","twitter_card":"summary_large_image","twitter_misc":{"Tiempo estimado de lectura":"2 minutos"},"schema":{"@context":"https:\/\/schema.org","@graph":[{"@type":"WebPage","@id":"https:\/\/comfanorte.com.co\/index\/planeacion-presupuesto-e-informes\/","url":"https:\/\/comfanorte.com.co\/index\/planeacion-presupuesto-e-informes\/","name":"Planeaci\u00f3n, presupuesto e informes - Comfanorte","isPartOf":{"@id":"https:\/\/comfanorte.com.co\/index\/#website"},"datePublished":"2022-09-29T17:49:39+00:00","dateModified":"2026-03-16T19:50:34+00:00","breadcrumb":{"@id":"https:\/\/comfanorte.com.co\/index\/planeacion-presupuesto-e-informes\/#breadcrumb"},"inLanguage":"es-CO","potentialAction":[{"@type":"ReadAction","target":["https:\/\/comfanorte.com.co\/index\/planeacion-presupuesto-e-informes\/"]}]},{"@type":"BreadcrumbList","@id":"https:\/\/comfanorte.com.co\/index\/planeacion-presupuesto-e-informes\/#breadcrumb","itemListElement":[{"@type":"ListItem","position":1,"name":"Home","item":"https:\/\/comfanorte.com.co\/index\/"},{"@type":"ListItem","position":2,"name":"Planeaci\u00f3n, presupuesto e informes"}]},{"@type":"WebSite","@id":"https:\/\/comfanorte.com.co\/index\/#website","url":"https:\/\/comfanorte.com.co\/index\/","name":"Comfanorte","description":"Sitio oficial de la Caja de Compensaci\u00f3n Familiar de Norte de Santander","publisher":{"@id":"https:\/\/comfanorte.com.co\/index\/#organization"},"potentialAction":[{"@type":"SearchAction","target":{"@type":"EntryPoint","urlTemplate":"https:\/\/comfanorte.com.co\/index\/?s={search_term_string}"},"query-input":"required name=search_term_string"}],"inLanguage":"es-CO"},{"@type":"Organization","@id":"https:\/\/comfanorte.com.co\/index\/#organization","name":"Comfanorte","url":"https:\/\/comfanorte.com.co\/index\/","logo":{"@type":"ImageObject","inLanguage":"es-CO","@id":"https:\/\/comfanorte.com.co\/index\/#\/schema\/logo\/image\/","url":"https:\/\/comfanorte.com.co\/index\/wp-content\/uploads\/2020\/05\/LogoWebsite-300x80-1.png","contentUrl":"https:\/\/comfanorte.com.co\/index\/wp-content\/uploads\/2020\/05\/LogoWebsite-300x80-1.png","width":300,"height":80,"caption":"Comfanorte"},"image":{"@id":"https:\/\/comfanorte.com.co\/index\/#\/schema\/logo\/image\/"}}]}},"_links":{"self":[{"href":"https:\/\/comfanorte.com.co\/index\/wp-json\/wp\/v2\/pages\/24173"}],"collection":[{"href":"https:\/\/comfanorte.com.co\/index\/wp-json\/wp\/v2\/pages"}],"about":[{"href":"https:\/\/comfanorte.com.co\/index\/wp-json\/wp\/v2\/types\/page"}],"author":[{"embeddable":true,"href":"https:\/\/comfanorte.com.co\/index\/wp-json\/wp\/v2\/users\/1"}],"replies":[{"embeddable":true,"href":"https:\/\/comfanorte.com.co\/index\/wp-json\/wp\/v2\/comments?post=24173"}],"version-history":[{"count":181,"href":"https:\/\/comfanorte.com.co\/index\/wp-json\/wp\/v2\/pages\/24173\/revisions"}],"predecessor-version":[{"id":42382,"href":"https:\/\/comfanorte.com.co\/index\/wp-json\/wp\/v2\/pages\/24173\/revisions\/42382"}],"wp:attachment":[{"href":"https:\/\/comfanorte.com.co\/index\/wp-json\/wp\/v2\/media?parent=24173"}],"curies":[{"name":"wp","href":"https:\/\/api.w.org\/{rel}","templated":true}]}}