{"id":24185,"date":"2022-09-29T14:06:11","date_gmt":"2022-09-29T19:06:11","guid":{"rendered":"https:\/\/comfanorte.com.co\/index\/?page_id=24185"},"modified":"2025-08-22T17:54:33","modified_gmt":"2025-08-22T22:54:33","slug":"tramites","status":"publish","type":"page","link":"https:\/\/comfanorte.com.co\/index\/tramites\/","title":{"rendered":"Tr\u00e1mites"},"content":{"rendered":"\t\t<div data-elementor-type=\"wp-page\" data-elementor-id=\"24185\" class=\"elementor elementor-24185\" data-elementor-post-type=\"page\">\n\t\t\t\t\t\t\t<div class=\"elementor-element elementor-element-4973ce3 e-flex e-con-boxed e-con\" data-id=\"4973ce3\" data-element_type=\"container\" data-settings=\"{&quot;content_width&quot;:&quot;boxed&quot;}\">\n\t\t\t\t\t<div class=\"e-con-inner\">\n\t\t\t\t<div class=\"elementor-element elementor-element-ea24ed8 elementor-widget elementor-widget-spacer\" data-id=\"ea24ed8\" data-element_type=\"widget\" data-widget_type=\"spacer.default\">\n\t\t\t\t<div class=\"elementor-widget-container\">\n\t\t\t<style>\/*! elementor - v3.14.0 - 26-06-2023 *\/\n.elementor-column .elementor-spacer-inner{height:var(--spacer-size)}.e-con{--container-widget-width:100%}.e-con-inner>.elementor-widget-spacer,.e-con>.elementor-widget-spacer{width:var(--container-widget-width,var(--spacer-size));--align-self:var(--container-widget-align-self,initial);--flex-shrink:0}.e-con-inner>.elementor-widget-spacer>.elementor-widget-container,.e-con-inner>.elementor-widget-spacer>.elementor-widget-container>.elementor-spacer,.e-con>.elementor-widget-spacer>.elementor-widget-container,.e-con>.elementor-widget-spacer>.elementor-widget-container>.elementor-spacer{height:100%}.e-con-inner>.elementor-widget-spacer>.elementor-widget-container>.elementor-spacer>.elementor-spacer-inner,.e-con>.elementor-widget-spacer>.elementor-widget-container>.elementor-spacer>.elementor-spacer-inner{height:var(--container-widget-height,var(--spacer-size))}<\/style>\t\t<div class=\"elementor-spacer\">\n\t\t\t<div class=\"elementor-spacer-inner\"><\/div>\n\t\t<\/div>\n\t\t\t\t<\/div>\n\t\t\t\t<\/div>\n\t\t\t\t<div class=\"elementor-element elementor-element-9f61052 elementor-widget elementor-widget-heading\" data-id=\"9f61052\" data-element_type=\"widget\" data-widget_type=\"heading.default\">\n\t\t\t\t<div class=\"elementor-widget-container\">\n\t\t\t<style>\/*! elementor - v3.14.0 - 26-06-2023 *\/\n.elementor-heading-title{padding:0;margin:0;line-height:1}.elementor-widget-heading .elementor-heading-title[class*=elementor-size-]>a{color:inherit;font-size:inherit;line-height:inherit}.elementor-widget-heading .elementor-heading-title.elementor-size-small{font-size:15px}.elementor-widget-heading .elementor-heading-title.elementor-size-medium{font-size:19px}.elementor-widget-heading .elementor-heading-title.elementor-size-large{font-size:29px}.elementor-widget-heading .elementor-heading-title.elementor-size-xl{font-size:39px}.elementor-widget-heading .elementor-heading-title.elementor-size-xxl{font-size:59px}<\/style><h1 class=\"elementor-heading-title elementor-size-default\">Tr\u00e1mites<\/h1>\t\t<\/div>\n\t\t\t\t<\/div>\n\t\t\t\t<div class=\"elementor-element elementor-element-8db33d6 elementor-widget elementor-widget-text-editor\" data-id=\"8db33d6\" data-element_type=\"widget\" data-widget_type=\"text-editor.default\">\n\t\t\t\t<div class=\"elementor-widget-container\">\n\t\t\t<style>\/*! elementor - v3.14.0 - 26-06-2023 *\/\n.elementor-widget-text-editor.elementor-drop-cap-view-stacked .elementor-drop-cap{background-color:#69727d;color:#fff}.elementor-widget-text-editor.elementor-drop-cap-view-framed .elementor-drop-cap{color:#69727d;border:3px solid;background-color:transparent}.elementor-widget-text-editor:not(.elementor-drop-cap-view-default) .elementor-drop-cap{margin-top:8px}.elementor-widget-text-editor:not(.elementor-drop-cap-view-default) .elementor-drop-cap-letter{width:1em;height:1em}.elementor-widget-text-editor .elementor-drop-cap{float:left;text-align:center;line-height:1;font-size:50px}.elementor-widget-text-editor .elementor-drop-cap-letter{display:inline-block}<\/style>\t\t\t\t<ul><li><div><p>Normatividad que sustenta el tr\u00e1mite.<\/p><ul><li><a href=\"https:\/\/comfanorte.com.co\/index\/gestion-social\/\" target=\"_blank\" rel=\"noopener\">Gesti\u00f3n Social <\/a><\/li><li><a href=\"https:\/\/comfanorte.com.co\/index\/vivienda-y-credito-social\/\" target=\"_blank\" rel=\"noopener\">Vivienda y Cr\u00e9dito Social<\/a><\/li><li><a href=\"https:\/\/comfanorte.com.co\/index\/educacion-2\/\" target=\"_blank\" rel=\"noopener\">Educaci\u00f3n<\/a><\/li><li><a href=\"https:\/\/comfanorte.com.co\/index\/subsidios-y-aportes\/\" target=\"_blank\" rel=\"noopener\">Subsidio<\/a><\/li><li><a href=\"https:\/\/comfanorte.com.co\/index\/eventos-y-recreacion\/\" target=\"_blank\" rel=\"noopener\">Recreaci\u00f3n<\/a><\/li><li><a href=\"https:\/\/comfanorte.com.co\/index\/agencia-de-empleo\/\" target=\"_blank\" rel=\"noopener\">Agencia de Empleo<\/a><\/li><\/ul><\/div><\/li><li><div><p>Procesos.<\/p><ul><li><a href=\"https:\/\/comfanorte.com.co\/index\/gestion-social\/\" target=\"_blank\" rel=\"noopener\">Gesti\u00f3n Social <\/a><\/li><li><a href=\"https:\/\/comfanorte.com.co\/index\/vivienda-y-credito-social\/\" target=\"_blank\" rel=\"noopener\">Vivienda y Cr\u00e9dito Social<\/a><\/li><li><a href=\"https:\/\/comfanorte.com.co\/index\/educacion-2\/\" target=\"_blank\" rel=\"noopener\">Educaci\u00f3n<\/a><\/li><li><a href=\"https:\/\/comfanorte.com.co\/index\/subsidios-y-aportes\/\" target=\"_blank\" rel=\"noopener\">Subsidio<\/a><\/li><li><a href=\"https:\/\/comfanorte.com.co\/index\/eventos-y-recreacion\/\" target=\"_blank\" rel=\"noopener\">Recreaci\u00f3n<\/a><\/li><li><a href=\"https:\/\/comfanorte.com.co\/index\/agencia-de-empleo\/\" target=\"_blank\" rel=\"noopener\">Agencia de Empleo<\/a><\/li><\/ul><\/div><\/li><li><div><p>Costos asociados.<\/p><ul><li><a href=\"https:\/\/comfanorte.com.co\/index\/gestion-social\/\" target=\"_blank\" rel=\"noopener\">Gesti\u00f3n Social <\/a><\/li><li><a href=\"https:\/\/comfanorte.com.co\/index\/vivienda-y-credito-social\/\" target=\"_blank\" rel=\"noopener\">Vivienda y Cr\u00e9dito Social<\/a><\/li><li><a href=\"https:\/\/comfanorte.com.co\/index\/educacion-2\/\" target=\"_blank\" rel=\"noopener\">Educaci\u00f3n<\/a><\/li><li><a href=\"https:\/\/comfanorte.com.co\/index\/subsidios-y-aportes\/\" target=\"_blank\" rel=\"noopener\">Subsidio<\/a><\/li><li><a href=\"https:\/\/comfanorte.com.co\/index\/eventos-y-recreacion\/\" target=\"_blank\" rel=\"noopener\">Recreaci\u00f3n<\/a><\/li><li><a href=\"https:\/\/comfanorte.com.co\/index\/agencia-de-empleo\/\" target=\"_blank\" rel=\"noopener\">Agencia de Empleo<\/a><\/li><\/ul><\/div><\/li><li><div><p>Formatos y\/o formularios asociados.<\/p><ul><li><a href=\"https:\/\/comfanorte.com.co\/index\/gestion-social\/\" target=\"_blank\" rel=\"noopener\">Gesti\u00f3n Social <\/a><\/li><li><a href=\"https:\/\/comfanorte.com.co\/index\/vivienda-y-credito-social\/\" target=\"_blank\" rel=\"noopener\">Vivienda y Cr\u00e9dito Social<\/a><\/li><li><a href=\"https:\/\/comfanorte.com.co\/index\/educacion-2\/\" target=\"_blank\" rel=\"noopener\">Educaci\u00f3n<\/a><\/li><li><a href=\"https:\/\/comfanorte.com.co\/index\/subsidios-y-aportes\/\" target=\"_blank\" rel=\"noopener\">Subsidio<\/a><\/li><li><a href=\"https:\/\/comfanorte.com.co\/index\/eventos-y-recreacion\/\" target=\"_blank\" rel=\"noopener\">Recreaci\u00f3n<\/a><\/li><li><a href=\"https:\/\/comfanorte.com.co\/index\/agencia-de-empleo\/\" target=\"_blank\" rel=\"noopener\">Agencia de Empleo<\/a><\/li><\/ul><\/div><\/li><\/ul>\t\t\t\t\t\t<\/div>\n\t\t\t\t<\/div>\n\t\t\t\t\t<\/div>\n\t\t\t\t<\/div>\n\t\t\t\t\t\t\t<\/div>\n\t\t","protected":false},"excerpt":{"rendered":"<p>Tr\u00e1mites Normatividad que sustenta el tr\u00e1mite. Gesti\u00f3n Social Vivienda y Cr\u00e9dito Social Educaci\u00f3n Subsidio Recreaci\u00f3n Agencia de Empleo Procesos. Gesti\u00f3n Social Vivienda y Cr\u00e9dito Social Educaci\u00f3n Subsidio Recreaci\u00f3n Agencia de Empleo Costos asociados. Gesti\u00f3n Social Vivienda y Cr\u00e9dito Social Educaci\u00f3n Subsidio Recreaci\u00f3n Agencia de Empleo Formatos y\/o formularios asociados. Gesti\u00f3n Social Vivienda y Cr\u00e9dito Social &hellip; <\/p>\n<p class=\"link-more\"><a href=\"https:\/\/comfanorte.com.co\/index\/tramites\/\" class=\"more-link\">Sigue leyendo<span class=\"screen-reader-text\"> \u00abTr\u00e1mites\u00bb<\/span><\/a><\/p>\n","protected":false},"author":1,"featured_media":0,"parent":0,"menu_order":0,"comment_status":"closed","ping_status":"closed","template":"","meta":{"footnotes":""},"yoast_head":"<!-- This site is optimized with the Yoast SEO Premium plugin v18.4 (Yoast SEO v20.10) - https:\/\/yoast.com\/wordpress\/plugins\/seo\/ -->\n<title>Tr\u00e1mites - Comfanorte<\/title>\n<meta name=\"robots\" content=\"index, follow, max-snippet:-1, max-image-preview:large, max-video-preview:-1\" \/>\n<link rel=\"canonical\" href=\"https:\/\/comfanorte.com.co\/index\/tramites\/\" \/>\n<meta property=\"og:locale\" content=\"es_ES\" \/>\n<meta property=\"og:type\" content=\"article\" \/>\n<meta property=\"og:title\" content=\"Tr\u00e1mites\" \/>\n<meta property=\"og:description\" content=\"Tr\u00e1mites Normatividad que sustenta el tr\u00e1mite. Gesti\u00f3n Social Vivienda y Cr\u00e9dito Social Educaci\u00f3n Subsidio Recreaci\u00f3n Agencia de Empleo Procesos. Gesti\u00f3n Social Vivienda y Cr\u00e9dito Social Educaci\u00f3n Subsidio Recreaci\u00f3n Agencia de Empleo Costos asociados. Gesti\u00f3n Social Vivienda y Cr\u00e9dito Social Educaci\u00f3n Subsidio Recreaci\u00f3n Agencia de Empleo Formatos y\/o formularios asociados. Gesti\u00f3n Social Vivienda y Cr\u00e9dito Social &hellip; Sigue leyendo \u00abTr\u00e1mites\u00bb\" \/>\n<meta property=\"og:url\" content=\"https:\/\/comfanorte.com.co\/index\/tramites\/\" \/>\n<meta property=\"og:site_name\" content=\"Comfanorte\" \/>\n<meta property=\"article:modified_time\" content=\"2025-08-22T22:54:33+00:00\" \/>\n<meta name=\"twitter:card\" content=\"summary_large_image\" \/>\n<meta name=\"twitter:label1\" content=\"Tiempo estimado de lectura\" \/>\n\t<meta name=\"twitter:data1\" content=\"1 minuto\" \/>\n<script type=\"application\/ld+json\" class=\"yoast-schema-graph\">{\"@context\":\"https:\/\/schema.org\",\"@graph\":[{\"@type\":\"WebPage\",\"@id\":\"https:\/\/comfanorte.com.co\/index\/tramites\/\",\"url\":\"https:\/\/comfanorte.com.co\/index\/tramites\/\",\"name\":\"Tr\u00e1mites - Comfanorte\",\"isPartOf\":{\"@id\":\"https:\/\/comfanorte.com.co\/index\/#website\"},\"datePublished\":\"2022-09-29T19:06:11+00:00\",\"dateModified\":\"2025-08-22T22:54:33+00:00\",\"breadcrumb\":{\"@id\":\"https:\/\/comfanorte.com.co\/index\/tramites\/#breadcrumb\"},\"inLanguage\":\"es-CO\",\"potentialAction\":[{\"@type\":\"ReadAction\",\"target\":[\"https:\/\/comfanorte.com.co\/index\/tramites\/\"]}]},{\"@type\":\"BreadcrumbList\",\"@id\":\"https:\/\/comfanorte.com.co\/index\/tramites\/#breadcrumb\",\"itemListElement\":[{\"@type\":\"ListItem\",\"position\":1,\"name\":\"Home\",\"item\":\"https:\/\/comfanorte.com.co\/index\/\"},{\"@type\":\"ListItem\",\"position\":2,\"name\":\"Tr\u00e1mites\"}]},{\"@type\":\"WebSite\",\"@id\":\"https:\/\/comfanorte.com.co\/index\/#website\",\"url\":\"https:\/\/comfanorte.com.co\/index\/\",\"name\":\"Comfanorte\",\"description\":\"Sitio oficial de la Caja de Compensaci\u00f3n Familiar de Norte de Santander\",\"publisher\":{\"@id\":\"https:\/\/comfanorte.com.co\/index\/#organization\"},\"potentialAction\":[{\"@type\":\"SearchAction\",\"target\":{\"@type\":\"EntryPoint\",\"urlTemplate\":\"https:\/\/comfanorte.com.co\/index\/?s={search_term_string}\"},\"query-input\":\"required name=search_term_string\"}],\"inLanguage\":\"es-CO\"},{\"@type\":\"Organization\",\"@id\":\"https:\/\/comfanorte.com.co\/index\/#organization\",\"name\":\"Comfanorte\",\"url\":\"https:\/\/comfanorte.com.co\/index\/\",\"logo\":{\"@type\":\"ImageObject\",\"inLanguage\":\"es-CO\",\"@id\":\"https:\/\/comfanorte.com.co\/index\/#\/schema\/logo\/image\/\",\"url\":\"https:\/\/comfanorte.com.co\/index\/wp-content\/uploads\/2020\/05\/LogoWebsite-300x80-1.png\",\"contentUrl\":\"https:\/\/comfanorte.com.co\/index\/wp-content\/uploads\/2020\/05\/LogoWebsite-300x80-1.png\",\"width\":300,\"height\":80,\"caption\":\"Comfanorte\"},\"image\":{\"@id\":\"https:\/\/comfanorte.com.co\/index\/#\/schema\/logo\/image\/\"}}]}<\/script>\n<!-- \/ Yoast SEO Premium plugin. -->","yoast_head_json":{"title":"Tr\u00e1mites - Comfanorte","robots":{"index":"index","follow":"follow","max-snippet":"max-snippet:-1","max-image-preview":"max-image-preview:large","max-video-preview":"max-video-preview:-1"},"canonical":"https:\/\/comfanorte.com.co\/index\/tramites\/","og_locale":"es_ES","og_type":"article","og_title":"Tr\u00e1mites","og_description":"Tr\u00e1mites Normatividad que sustenta el tr\u00e1mite. Gesti\u00f3n Social Vivienda y Cr\u00e9dito Social Educaci\u00f3n Subsidio Recreaci\u00f3n Agencia de Empleo Procesos. Gesti\u00f3n Social Vivienda y Cr\u00e9dito Social Educaci\u00f3n Subsidio Recreaci\u00f3n Agencia de Empleo Costos asociados. Gesti\u00f3n Social Vivienda y Cr\u00e9dito Social Educaci\u00f3n Subsidio Recreaci\u00f3n Agencia de Empleo Formatos y\/o formularios asociados. Gesti\u00f3n Social Vivienda y Cr\u00e9dito Social &hellip; Sigue leyendo \u00abTr\u00e1mites\u00bb","og_url":"https:\/\/comfanorte.com.co\/index\/tramites\/","og_site_name":"Comfanorte","article_modified_time":"2025-08-22T22:54:33+00:00","twitter_card":"summary_large_image","twitter_misc":{"Tiempo estimado de lectura":"1 minuto"},"schema":{"@context":"https:\/\/schema.org","@graph":[{"@type":"WebPage","@id":"https:\/\/comfanorte.com.co\/index\/tramites\/","url":"https:\/\/comfanorte.com.co\/index\/tramites\/","name":"Tr\u00e1mites - Comfanorte","isPartOf":{"@id":"https:\/\/comfanorte.com.co\/index\/#website"},"datePublished":"2022-09-29T19:06:11+00:00","dateModified":"2025-08-22T22:54:33+00:00","breadcrumb":{"@id":"https:\/\/comfanorte.com.co\/index\/tramites\/#breadcrumb"},"inLanguage":"es-CO","potentialAction":[{"@type":"ReadAction","target":["https:\/\/comfanorte.com.co\/index\/tramites\/"]}]},{"@type":"BreadcrumbList","@id":"https:\/\/comfanorte.com.co\/index\/tramites\/#breadcrumb","itemListElement":[{"@type":"ListItem","position":1,"name":"Home","item":"https:\/\/comfanorte.com.co\/index\/"},{"@type":"ListItem","position":2,"name":"Tr\u00e1mites"}]},{"@type":"WebSite","@id":"https:\/\/comfanorte.com.co\/index\/#website","url":"https:\/\/comfanorte.com.co\/index\/","name":"Comfanorte","description":"Sitio oficial de la Caja de Compensaci\u00f3n Familiar de Norte de Santander","publisher":{"@id":"https:\/\/comfanorte.com.co\/index\/#organization"},"potentialAction":[{"@type":"SearchAction","target":{"@type":"EntryPoint","urlTemplate":"https:\/\/comfanorte.com.co\/index\/?s={search_term_string}"},"query-input":"required name=search_term_string"}],"inLanguage":"es-CO"},{"@type":"Organization","@id":"https:\/\/comfanorte.com.co\/index\/#organization","name":"Comfanorte","url":"https:\/\/comfanorte.com.co\/index\/","logo":{"@type":"ImageObject","inLanguage":"es-CO","@id":"https:\/\/comfanorte.com.co\/index\/#\/schema\/logo\/image\/","url":"https:\/\/comfanorte.com.co\/index\/wp-content\/uploads\/2020\/05\/LogoWebsite-300x80-1.png","contentUrl":"https:\/\/comfanorte.com.co\/index\/wp-content\/uploads\/2020\/05\/LogoWebsite-300x80-1.png","width":300,"height":80,"caption":"Comfanorte"},"image":{"@id":"https:\/\/comfanorte.com.co\/index\/#\/schema\/logo\/image\/"}}]}},"_links":{"self":[{"href":"https:\/\/comfanorte.com.co\/index\/wp-json\/wp\/v2\/pages\/24185"}],"collection":[{"href":"https:\/\/comfanorte.com.co\/index\/wp-json\/wp\/v2\/pages"}],"about":[{"href":"https:\/\/comfanorte.com.co\/index\/wp-json\/wp\/v2\/types\/page"}],"author":[{"embeddable":true,"href":"https:\/\/comfanorte.com.co\/index\/wp-json\/wp\/v2\/users\/1"}],"replies":[{"embeddable":true,"href":"https:\/\/comfanorte.com.co\/index\/wp-json\/wp\/v2\/comments?post=24185"}],"version-history":[{"count":7,"href":"https:\/\/comfanorte.com.co\/index\/wp-json\/wp\/v2\/pages\/24185\/revisions"}],"predecessor-version":[{"id":41252,"href":"https:\/\/comfanorte.com.co\/index\/wp-json\/wp\/v2\/pages\/24185\/revisions\/41252"}],"wp:attachment":[{"href":"https:\/\/comfanorte.com.co\/index\/wp-json\/wp\/v2\/media?parent=24185"}],"curies":[{"name":"wp","href":"https:\/\/api.w.org\/{rel}","templated":true}]}}